{"id":6789,"date":"2024-08-01T16:32:50","date_gmt":"2024-08-01T14:32:50","guid":{"rendered":"https:\/\/caro-traiteur.com\/?post_type=product&#038;p=6789"},"modified":"2024-08-01T16:44:29","modified_gmt":"2024-08-01T14:44:29","slug":"jus-de-gingembre","status":"publish","type":"product","link":"https:\/\/www.caro-traiteur.com\/?product=jus-de-gingembre","title":{"rendered":"Jus de Gingembre 1L"},"content":{"rendered":"<p><b>Lutte contre l&rsquo;inflammation chronique<\/b> : Leurs compos\u00e9s actifs (ging\u00e9rol et shogaol pour le gingembre et vitamine C pour le citron) sont de puissants anti-inflammatoires, qui permettent de lutter contre les pouss\u00e9es d&rsquo;inflammation et les douleurs de certains troubles inflammatoires chroniques.!<\/p>\n","protected":false},"excerpt":{"rendered":"<p><strong>Composition<\/strong> :<\/p>\n<ul>\n<li>Feuille de moringa,<\/li>\n<li>Bouye,<\/li>\n<li>Sucre,<\/li>\n<li>Sucre vanill\u00e9,<\/li>\n<li>Fleur d\u2019oranger<\/li>\n<\/ul>\n","protected":false},"featured_media":6790,"comment_status":"open","ping_status":"closed","template":"","meta":{"om_disable_all_campaigns":false,"_monsterinsights_skip_tracking":false,"_monsterinsights_sitenote_active":false,"_monsterinsights_sitenote_note":"","_monsterinsights_sitenote_category":0,"_uf_show_specific_survey":0,"_uf_disable_surveys":false},"product_brand":[],"product_cat":[64],"product_tag":[79,71],"class_list":{"0":"post-6789","1":"product","2":"type-product","3":"status-publish","4":"has-post-thumbnail","6":"product_cat-jus-naturel","7":"product_tag-gingembre","8":"product_tag-jus","10":"first","11":"instock","12":"shipping-taxable","13":"purchasable","14":"product-type-simple"},"yoast_head":"<!-- This site is optimized with the Yoast SEO plugin v27.5 - https:\/\/yoast.com\/product\/yoast-seo-wordpress\/ -->\n<title>Jus de Gingembre 1L - Caro Traiteur - Meilleurs saveurs de jus naturel \u00e0 Thi\u00e8s<\/title>\n<meta name=\"description\" content=\"Lutte contre l&#039;inflammation chronique : compos\u00e9s actifs (gingeole et shogaol pour le gingembre et vitamine C - citron) sont de puissants anti-inflammatoires\" \/>\n<meta name=\"robots\" content=\"index, follow, max-snippet:-1, max-image-preview:large, max-video-preview:-1\" \/>\n<link rel=\"canonical\" href=\"https:\/\/www.caro-traiteur.com\/?product=jus-de-gingembre\" \/>\n<meta property=\"og:locale\" content=\"fr_FR\" \/>\n<meta property=\"og:type\" content=\"article\" \/>\n<meta property=\"og:title\" content=\"Jus de Gingembre - Caro Traiteur - Meilleurs saveurs de jus naturel \u00e0 Thi\u00e8s\" \/>\n<meta property=\"og:description\" content=\"Lutte contre l&#039;inflammation chronique : compos\u00e9s actifs (gingeole et shogaol pour le gingembre et vitamine C - citron) sont de puissants anti-inflammatoires\" \/>\n<meta property=\"og:url\" content=\"https:\/\/www.caro-traiteur.com\/?product=jus-de-gingembre\" \/>\n<meta property=\"og:site_name\" content=\"Caro Traiteur\" \/>\n<meta property=\"article:modified_time\" content=\"2024-08-01T14:44:29+00:00\" \/>\n<meta property=\"og:image\" content=\"https:\/\/www.caro-traiteur.com\/wp-content\/uploads\/2024\/08\/Produit-Caro-T_Plan-de-travail-19.webp\" \/>\n\t<meta property=\"og:image:width\" content=\"4167\" \/>\n\t<meta property=\"og:image:height\" content=\"4167\" \/>\n\t<meta property=\"og:image:type\" content=\"image\/webp\" \/>\n<meta name=\"twitter:card\" content=\"summary_large_image\" \/>\n<meta name=\"twitter:title\" content=\"Jus de Gingembre - Caro Traiteur - Meilleurs saveurs de jus naturel \u00e0 Thi\u00e8s\" \/>\n<meta name=\"twitter:description\" content=\"Lutte contre l&#039;inflammation chronique : compos\u00e9s actifs (gingeole et shogaol pour le gingembre et vitamine C - citron) sont de puissants anti-inflammatoires\" \/>\n<meta name=\"twitter:image\" content=\"https:\/\/www.caro-traiteur.com\/wp-content\/uploads\/2024\/08\/Produit-Caro-T_Plan-de-travail-19.webp\" \/>\n<meta name=\"twitter:label1\" content=\"Dur\u00e9e de lecture estim\u00e9e\" \/>\n\t<meta name=\"twitter:data1\" content=\"1 minute\" \/>\n<script type=\"application\/ld+json\" class=\"yoast-schema-graph\">{\"@context\":\"https:\\\/\\\/schema.org\",\"@graph\":[{\"@type\":\"WebPage\",\"@id\":\"https:\\\/\\\/www.caro-traiteur.com\\\/?product=jus-de-gingembre\",\"url\":\"https:\\\/\\\/www.caro-traiteur.com\\\/?product=jus-de-gingembre\",\"name\":\"Jus de Gingembre 1L - Caro Traiteur - Meilleurs saveurs de jus naturel \u00e0 Thi\u00e8s\",\"isPartOf\":{\"@id\":\"https:\\\/\\\/www.caro-traiteur.com\\\/#website\"},\"primaryImageOfPage\":{\"@id\":\"https:\\\/\\\/www.caro-traiteur.com\\\/?product=jus-de-gingembre#primaryimage\"},\"image\":{\"@id\":\"https:\\\/\\\/www.caro-traiteur.com\\\/?product=jus-de-gingembre#primaryimage\"},\"thumbnailUrl\":\"https:\\\/\\\/www.caro-traiteur.com\\\/wp-content\\\/uploads\\\/2024\\\/08\\\/Produit-Caro-T_Plan-de-travail-19.webp\",\"datePublished\":\"2024-08-01T14:32:50+00:00\",\"dateModified\":\"2024-08-01T14:44:29+00:00\",\"description\":\"Lutte contre l'inflammation chronique : compos\u00e9s actifs (gingeole et shogaol pour le gingembre et vitamine C - citron) sont de puissants anti-inflammatoires\",\"breadcrumb\":{\"@id\":\"https:\\\/\\\/www.caro-traiteur.com\\\/?product=jus-de-gingembre#breadcrumb\"},\"inLanguage\":\"fr-FR\",\"potentialAction\":[{\"@type\":\"ReadAction\",\"target\":[\"https:\\\/\\\/www.caro-traiteur.com\\\/?product=jus-de-gingembre\"]}]},{\"@type\":\"ImageObject\",\"inLanguage\":\"fr-FR\",\"@id\":\"https:\\\/\\\/www.caro-traiteur.com\\\/?product=jus-de-gingembre#primaryimage\",\"url\":\"https:\\\/\\\/www.caro-traiteur.com\\\/wp-content\\\/uploads\\\/2024\\\/08\\\/Produit-Caro-T_Plan-de-travail-19.webp\",\"contentUrl\":\"https:\\\/\\\/www.caro-traiteur.com\\\/wp-content\\\/uploads\\\/2024\\\/08\\\/Produit-Caro-T_Plan-de-travail-19.webp\",\"width\":4167,\"height\":4167,\"caption\":\"Jus de Gingembre - Caro Traiteur - Meilleur Jus de Thi\u00e8s\"},{\"@type\":\"BreadcrumbList\",\"@id\":\"https:\\\/\\\/www.caro-traiteur.com\\\/?product=jus-de-gingembre#breadcrumb\",\"itemListElement\":[{\"@type\":\"ListItem\",\"position\":1,\"name\":\"Home\",\"item\":\"https:\\\/\\\/www.caro-traiteur.com\\\/\"},{\"@type\":\"ListItem\",\"position\":2,\"name\":\"P\u00e2tisserie\",\"item\":\"https:\\\/\\\/www.caro-traiteur.com\\\/?page_id=10\"},{\"@type\":\"ListItem\",\"position\":3,\"name\":\"Jus de Gingembre 1L\"}]},{\"@type\":\"WebSite\",\"@id\":\"https:\\\/\\\/www.caro-traiteur.com\\\/#website\",\"url\":\"https:\\\/\\\/www.caro-traiteur.com\\\/\",\"name\":\"Caro Traiteur\",\"description\":\"Votre partenaire saveur\",\"publisher\":{\"@id\":\"https:\\\/\\\/www.caro-traiteur.com\\\/#organization\"},\"potentialAction\":[{\"@type\":\"SearchAction\",\"target\":{\"@type\":\"EntryPoint\",\"urlTemplate\":\"https:\\\/\\\/www.caro-traiteur.com\\\/?s={search_term_string}\"},\"query-input\":{\"@type\":\"PropertyValueSpecification\",\"valueRequired\":true,\"valueName\":\"search_term_string\"}}],\"inLanguage\":\"fr-FR\"},{\"@type\":\"Organization\",\"@id\":\"https:\\\/\\\/www.caro-traiteur.com\\\/#organization\",\"name\":\"Caro Traiteur\",\"url\":\"https:\\\/\\\/www.caro-traiteur.com\\\/\",\"logo\":{\"@type\":\"ImageObject\",\"inLanguage\":\"fr-FR\",\"@id\":\"https:\\\/\\\/www.caro-traiteur.com\\\/#\\\/schema\\\/logo\\\/image\\\/\",\"url\":\"https:\\\/\\\/www.caro-traiteur.com\\\/wp-content\\\/uploads\\\/2023\\\/10\\\/cropped-cropped-Logo_Caro-Line-04.png\",\"contentUrl\":\"https:\\\/\\\/www.caro-traiteur.com\\\/wp-content\\\/uploads\\\/2023\\\/10\\\/cropped-cropped-Logo_Caro-Line-04.png\",\"width\":1806,\"height\":857,\"caption\":\"Caro Traiteur\"},\"image\":{\"@id\":\"https:\\\/\\\/www.caro-traiteur.com\\\/#\\\/schema\\\/logo\\\/image\\\/\"}}]}<\/script>\n<!-- \/ Yoast SEO plugin. -->","yoast_head_json":{"title":"Jus de Gingembre 1L - Caro Traiteur - Meilleurs saveurs de jus naturel \u00e0 Thi\u00e8s","description":"Lutte contre l'inflammation chronique : compos\u00e9s actifs (gingeole et shogaol pour le gingembre et vitamine C - citron) sont de puissants anti-inflammatoires","robots":{"index":"index","follow":"follow","max-snippet":"max-snippet:-1","max-image-preview":"max-image-preview:large","max-video-preview":"max-video-preview:-1"},"canonical":"https:\/\/www.caro-traiteur.com\/?product=jus-de-gingembre","og_locale":"fr_FR","og_type":"article","og_title":"Jus de Gingembre - Caro Traiteur - Meilleurs saveurs de jus naturel \u00e0 Thi\u00e8s","og_description":"Lutte contre l'inflammation chronique : compos\u00e9s actifs (gingeole et shogaol pour le gingembre et vitamine C - citron) sont de puissants anti-inflammatoires","og_url":"https:\/\/www.caro-traiteur.com\/?product=jus-de-gingembre","og_site_name":"Caro Traiteur","article_modified_time":"2024-08-01T14:44:29+00:00","og_image":[{"width":4167,"height":4167,"url":"https:\/\/www.caro-traiteur.com\/wp-content\/uploads\/2024\/08\/Produit-Caro-T_Plan-de-travail-19.webp","type":"image\/webp"}],"twitter_card":"summary_large_image","twitter_title":"Jus de Gingembre - Caro Traiteur - Meilleurs saveurs de jus naturel \u00e0 Thi\u00e8s","twitter_description":"Lutte contre l'inflammation chronique : compos\u00e9s actifs (gingeole et shogaol pour le gingembre et vitamine C - citron) sont de puissants anti-inflammatoires","twitter_image":"https:\/\/www.caro-traiteur.com\/wp-content\/uploads\/2024\/08\/Produit-Caro-T_Plan-de-travail-19.webp","twitter_misc":{"Dur\u00e9e de lecture estim\u00e9e":"1 minute"},"schema":{"@context":"https:\/\/schema.org","@graph":[{"@type":"WebPage","@id":"https:\/\/www.caro-traiteur.com\/?product=jus-de-gingembre","url":"https:\/\/www.caro-traiteur.com\/?product=jus-de-gingembre","name":"Jus de Gingembre 1L - Caro Traiteur - Meilleurs saveurs de jus naturel \u00e0 Thi\u00e8s","isPartOf":{"@id":"https:\/\/www.caro-traiteur.com\/#website"},"primaryImageOfPage":{"@id":"https:\/\/www.caro-traiteur.com\/?product=jus-de-gingembre#primaryimage"},"image":{"@id":"https:\/\/www.caro-traiteur.com\/?product=jus-de-gingembre#primaryimage"},"thumbnailUrl":"https:\/\/www.caro-traiteur.com\/wp-content\/uploads\/2024\/08\/Produit-Caro-T_Plan-de-travail-19.webp","datePublished":"2024-08-01T14:32:50+00:00","dateModified":"2024-08-01T14:44:29+00:00","description":"Lutte contre l'inflammation chronique : compos\u00e9s actifs (gingeole et shogaol pour le gingembre et vitamine C - citron) sont de puissants anti-inflammatoires","breadcrumb":{"@id":"https:\/\/www.caro-traiteur.com\/?product=jus-de-gingembre#breadcrumb"},"inLanguage":"fr-FR","potentialAction":[{"@type":"ReadAction","target":["https:\/\/www.caro-traiteur.com\/?product=jus-de-gingembre"]}]},{"@type":"ImageObject","inLanguage":"fr-FR","@id":"https:\/\/www.caro-traiteur.com\/?product=jus-de-gingembre#primaryimage","url":"https:\/\/www.caro-traiteur.com\/wp-content\/uploads\/2024\/08\/Produit-Caro-T_Plan-de-travail-19.webp","contentUrl":"https:\/\/www.caro-traiteur.com\/wp-content\/uploads\/2024\/08\/Produit-Caro-T_Plan-de-travail-19.webp","width":4167,"height":4167,"caption":"Jus de Gingembre - Caro Traiteur - Meilleur Jus de Thi\u00e8s"},{"@type":"BreadcrumbList","@id":"https:\/\/www.caro-traiteur.com\/?product=jus-de-gingembre#breadcrumb","itemListElement":[{"@type":"ListItem","position":1,"name":"Home","item":"https:\/\/www.caro-traiteur.com\/"},{"@type":"ListItem","position":2,"name":"P\u00e2tisserie","item":"https:\/\/www.caro-traiteur.com\/?page_id=10"},{"@type":"ListItem","position":3,"name":"Jus de Gingembre 1L"}]},{"@type":"WebSite","@id":"https:\/\/www.caro-traiteur.com\/#website","url":"https:\/\/www.caro-traiteur.com\/","name":"Caro Traiteur","description":"Votre partenaire saveur","publisher":{"@id":"https:\/\/www.caro-traiteur.com\/#organization"},"potentialAction":[{"@type":"SearchAction","target":{"@type":"EntryPoint","urlTemplate":"https:\/\/www.caro-traiteur.com\/?s={search_term_string}"},"query-input":{"@type":"PropertyValueSpecification","valueRequired":true,"valueName":"search_term_string"}}],"inLanguage":"fr-FR"},{"@type":"Organization","@id":"https:\/\/www.caro-traiteur.com\/#organization","name":"Caro Traiteur","url":"https:\/\/www.caro-traiteur.com\/","logo":{"@type":"ImageObject","inLanguage":"fr-FR","@id":"https:\/\/www.caro-traiteur.com\/#\/schema\/logo\/image\/","url":"https:\/\/www.caro-traiteur.com\/wp-content\/uploads\/2023\/10\/cropped-cropped-Logo_Caro-Line-04.png","contentUrl":"https:\/\/www.caro-traiteur.com\/wp-content\/uploads\/2023\/10\/cropped-cropped-Logo_Caro-Line-04.png","width":1806,"height":857,"caption":"Caro Traiteur"},"image":{"@id":"https:\/\/www.caro-traiteur.com\/#\/schema\/logo\/image\/"}}]}},"_links":{"self":[{"href":"https:\/\/www.caro-traiteur.com\/index.php?rest_route=\/wp\/v2\/product\/6789","targetHints":{"allow":["GET"]}}],"collection":[{"href":"https:\/\/www.caro-traiteur.com\/index.php?rest_route=\/wp\/v2\/product"}],"about":[{"href":"https:\/\/www.caro-traiteur.com\/index.php?rest_route=\/wp\/v2\/types\/product"}],"replies":[{"embeddable":true,"href":"https:\/\/www.caro-traiteur.com\/index.php?rest_route=%2Fwp%2Fv2%2Fcomments&post=6789"}],"wp:featuredmedia":[{"embeddable":true,"href":"https:\/\/www.caro-traiteur.com\/index.php?rest_route=\/wp\/v2\/media\/6790"}],"wp:attachment":[{"href":"https:\/\/www.caro-traiteur.com\/index.php?rest_route=%2Fwp%2Fv2%2Fmedia&parent=6789"}],"wp:term":[{"taxonomy":"product_brand","embeddable":true,"href":"https:\/\/www.caro-traiteur.com\/index.php?rest_route=%2Fwp%2Fv2%2Fproduct_brand&post=6789"},{"taxonomy":"product_cat","embeddable":true,"href":"https:\/\/www.caro-traiteur.com\/index.php?rest_route=%2Fwp%2Fv2%2Fproduct_cat&post=6789"},{"taxonomy":"product_tag","embeddable":true,"href":"https:\/\/www.caro-traiteur.com\/index.php?rest_route=%2Fwp%2Fv2%2Fproduct_tag&post=6789"}],"curies":[{"name":"wp","href":"https:\/\/api.w.org\/{rel}","templated":true}]}}