{"id":6795,"date":"2024-08-01T18:00:45","date_gmt":"2024-08-01T16:00:45","guid":{"rendered":"https:\/\/caro-traiteur.com\/?post_type=product&#038;p=6795"},"modified":"2024-08-01T18:00:48","modified_gmt":"2024-08-01T16:00:48","slug":"drops","status":"publish","type":"product","link":"https:\/\/www.caro-traiteur.com\/?product=drops","title":{"rendered":"Drops"},"content":{"rendered":"<p>Drops, appel\u00e9 aussi suisse ou pain suisse, cette viennoiserie est form\u00e9e d\u2019un rectangle de p\u00e2te brioch\u00e9e garni d\u2019une cr\u00e8me p\u00e2tissi\u00e8re \u00e0 la vanille et de raisins secs ou de p\u00e9pites de chocolat. Au final on obtient une viennoiserie fondante en bouche dont les papilles ne se lassent pas.<\/p>\n","protected":false},"excerpt":{"rendered":"<p>Drops :<\/p>\n<ul>\n<li>P\u00e2te feuillet\u00e9,<\/li>\n<li>\u0152uf,<\/li>\n<li>cr\u00e8me p\u00e2tissi\u00e8re \u00e0 la vanille,<\/li>\n<li>Raisins secs,<\/li>\n<li>chocolat<\/li>\n<\/ul>\n","protected":false},"featured_media":6796,"comment_status":"open","ping_status":"closed","template":"","meta":{"om_disable_all_campaigns":false,"_monsterinsights_skip_tracking":false,"_monsterinsights_sitenote_active":false,"_monsterinsights_sitenote_note":"","_monsterinsights_sitenote_category":0,"_uf_show_specific_survey":0,"_uf_disable_surveys":false},"product_brand":[],"product_cat":[65],"product_tag":[81],"class_list":{"0":"post-6795","1":"product","2":"type-product","3":"status-publish","4":"has-post-thumbnail","6":"product_cat-viennoiserie","7":"product_tag-drops","9":"first","10":"instock","11":"shipping-taxable","12":"purchasable","13":"product-type-simple"},"yoast_head":"<!-- This site is optimized with the Yoast SEO plugin v27.5 - https:\/\/yoast.com\/product\/yoast-seo-wordpress\/ -->\n<title>Drops - Caro Traiteur - La meilleure p\u00e2tisserie de Thi\u00e8s rien que pour votre plaisir.<\/title>\n<meta name=\"description\" content=\"Drops, appel\u00e9 aussi suisse ou pain suisse, elle est form\u00e9e d\u2019un rectangle de p\u00e2te brioch\u00e9e garni d\u2019une cr\u00e8me p\u00e2tissi\u00e8re \u00e0 la vanille raisins secs, chocolat.\" \/>\n<meta name=\"robots\" content=\"index, follow, max-snippet:-1, max-image-preview:large, max-video-preview:-1\" \/>\n<link rel=\"canonical\" href=\"https:\/\/www.caro-traiteur.com\/?product=drops\" \/>\n<meta property=\"og:locale\" content=\"fr_FR\" \/>\n<meta property=\"og:type\" content=\"article\" \/>\n<meta property=\"og:title\" content=\"Drops - Caro Traiteur - La meilleure p\u00e2tisserie de Thi\u00e8s rien que pour votre plaisir.\" \/>\n<meta property=\"og:description\" content=\"Drops, appel\u00e9 aussi suisse ou pain suisse, elle est form\u00e9e d\u2019un rectangle de p\u00e2te brioch\u00e9e garni d\u2019une cr\u00e8me p\u00e2tissi\u00e8re \u00e0 la vanille raisins secs, chocolat.\" \/>\n<meta property=\"og:url\" content=\"https:\/\/www.caro-traiteur.com\/?product=drops\" \/>\n<meta property=\"og:site_name\" content=\"Caro Traiteur\" \/>\n<meta property=\"article:modified_time\" content=\"2024-08-01T16:00:48+00:00\" \/>\n<meta property=\"og:image\" content=\"https:\/\/www.caro-traiteur.com\/wp-content\/uploads\/2024\/08\/drops-au-chocolat.webp\" \/>\n\t<meta property=\"og:image:width\" content=\"660\" \/>\n\t<meta property=\"og:image:height\" content=\"660\" \/>\n\t<meta property=\"og:image:type\" content=\"image\/webp\" \/>\n<meta name=\"twitter:card\" content=\"summary_large_image\" \/>\n<meta name=\"twitter:title\" content=\"Drops - Caro Traiteur - La meilleure p\u00e2tisserie de Thi\u00e8s rien que pour votre plaisir.\" \/>\n<meta name=\"twitter:description\" content=\"Drops, appel\u00e9 aussi suisse ou pain suisse, elle est form\u00e9e d\u2019un rectangle de p\u00e2te brioch\u00e9e garni d\u2019une cr\u00e8me p\u00e2tissi\u00e8re \u00e0 la vanille raisins secs, chocolat.\" \/>\n<meta name=\"twitter:image\" content=\"https:\/\/www.caro-traiteur.com\/wp-content\/uploads\/2024\/08\/drops-au-chocolat.webp\" \/>\n<meta name=\"twitter:label1\" content=\"Dur\u00e9e de lecture estim\u00e9e\" \/>\n\t<meta name=\"twitter:data1\" content=\"1 minute\" \/>\n<script type=\"application\/ld+json\" class=\"yoast-schema-graph\">{\"@context\":\"https:\\\/\\\/schema.org\",\"@graph\":[{\"@type\":\"WebPage\",\"@id\":\"https:\\\/\\\/www.caro-traiteur.com\\\/?product=drops\",\"url\":\"https:\\\/\\\/www.caro-traiteur.com\\\/?product=drops\",\"name\":\"Drops - Caro Traiteur - La meilleure p\u00e2tisserie de Thi\u00e8s rien que pour votre plaisir.\",\"isPartOf\":{\"@id\":\"https:\\\/\\\/www.caro-traiteur.com\\\/#website\"},\"primaryImageOfPage\":{\"@id\":\"https:\\\/\\\/www.caro-traiteur.com\\\/?product=drops#primaryimage\"},\"image\":{\"@id\":\"https:\\\/\\\/www.caro-traiteur.com\\\/?product=drops#primaryimage\"},\"thumbnailUrl\":\"https:\\\/\\\/www.caro-traiteur.com\\\/wp-content\\\/uploads\\\/2024\\\/08\\\/drops-au-chocolat.webp\",\"datePublished\":\"2024-08-01T16:00:45+00:00\",\"dateModified\":\"2024-08-01T16:00:48+00:00\",\"description\":\"Drops, appel\u00e9 aussi suisse ou pain suisse, elle est form\u00e9e d\u2019un rectangle de p\u00e2te brioch\u00e9e garni d\u2019une cr\u00e8me p\u00e2tissi\u00e8re \u00e0 la vanille raisins secs, chocolat.\",\"breadcrumb\":{\"@id\":\"https:\\\/\\\/www.caro-traiteur.com\\\/?product=drops#breadcrumb\"},\"inLanguage\":\"fr-FR\",\"potentialAction\":[{\"@type\":\"ReadAction\",\"target\":[\"https:\\\/\\\/www.caro-traiteur.com\\\/?product=drops\"]}]},{\"@type\":\"ImageObject\",\"inLanguage\":\"fr-FR\",\"@id\":\"https:\\\/\\\/www.caro-traiteur.com\\\/?product=drops#primaryimage\",\"url\":\"https:\\\/\\\/www.caro-traiteur.com\\\/wp-content\\\/uploads\\\/2024\\\/08\\\/drops-au-chocolat.webp\",\"contentUrl\":\"https:\\\/\\\/www.caro-traiteur.com\\\/wp-content\\\/uploads\\\/2024\\\/08\\\/drops-au-chocolat.webp\",\"width\":660,\"height\":660,\"caption\":\"Drops- Caro Traiteur - Meilleure P\u00e2tisserie de Thi\u00e8s\"},{\"@type\":\"BreadcrumbList\",\"@id\":\"https:\\\/\\\/www.caro-traiteur.com\\\/?product=drops#breadcrumb\",\"itemListElement\":[{\"@type\":\"ListItem\",\"position\":1,\"name\":\"Home\",\"item\":\"https:\\\/\\\/www.caro-traiteur.com\\\/\"},{\"@type\":\"ListItem\",\"position\":2,\"name\":\"P\u00e2tisserie\",\"item\":\"https:\\\/\\\/www.caro-traiteur.com\\\/?page_id=10\"},{\"@type\":\"ListItem\",\"position\":3,\"name\":\"Drops\"}]},{\"@type\":\"WebSite\",\"@id\":\"https:\\\/\\\/www.caro-traiteur.com\\\/#website\",\"url\":\"https:\\\/\\\/www.caro-traiteur.com\\\/\",\"name\":\"Caro Traiteur\",\"description\":\"Votre partenaire saveur\",\"publisher\":{\"@id\":\"https:\\\/\\\/www.caro-traiteur.com\\\/#organization\"},\"potentialAction\":[{\"@type\":\"SearchAction\",\"target\":{\"@type\":\"EntryPoint\",\"urlTemplate\":\"https:\\\/\\\/www.caro-traiteur.com\\\/?s={search_term_string}\"},\"query-input\":{\"@type\":\"PropertyValueSpecification\",\"valueRequired\":true,\"valueName\":\"search_term_string\"}}],\"inLanguage\":\"fr-FR\"},{\"@type\":\"Organization\",\"@id\":\"https:\\\/\\\/www.caro-traiteur.com\\\/#organization\",\"name\":\"Caro Traiteur\",\"url\":\"https:\\\/\\\/www.caro-traiteur.com\\\/\",\"logo\":{\"@type\":\"ImageObject\",\"inLanguage\":\"fr-FR\",\"@id\":\"https:\\\/\\\/www.caro-traiteur.com\\\/#\\\/schema\\\/logo\\\/image\\\/\",\"url\":\"https:\\\/\\\/www.caro-traiteur.com\\\/wp-content\\\/uploads\\\/2023\\\/10\\\/cropped-cropped-Logo_Caro-Line-04.png\",\"contentUrl\":\"https:\\\/\\\/www.caro-traiteur.com\\\/wp-content\\\/uploads\\\/2023\\\/10\\\/cropped-cropped-Logo_Caro-Line-04.png\",\"width\":1806,\"height\":857,\"caption\":\"Caro Traiteur\"},\"image\":{\"@id\":\"https:\\\/\\\/www.caro-traiteur.com\\\/#\\\/schema\\\/logo\\\/image\\\/\"}}]}<\/script>\n<!-- \/ Yoast SEO plugin. -->","yoast_head_json":{"title":"Drops - Caro Traiteur - La meilleure p\u00e2tisserie de Thi\u00e8s rien que pour votre plaisir.","description":"Drops, appel\u00e9 aussi suisse ou pain suisse, elle est form\u00e9e d\u2019un rectangle de p\u00e2te brioch\u00e9e garni d\u2019une cr\u00e8me p\u00e2tissi\u00e8re \u00e0 la vanille raisins secs, chocolat.","robots":{"index":"index","follow":"follow","max-snippet":"max-snippet:-1","max-image-preview":"max-image-preview:large","max-video-preview":"max-video-preview:-1"},"canonical":"https:\/\/www.caro-traiteur.com\/?product=drops","og_locale":"fr_FR","og_type":"article","og_title":"Drops - Caro Traiteur - La meilleure p\u00e2tisserie de Thi\u00e8s rien que pour votre plaisir.","og_description":"Drops, appel\u00e9 aussi suisse ou pain suisse, elle est form\u00e9e d\u2019un rectangle de p\u00e2te brioch\u00e9e garni d\u2019une cr\u00e8me p\u00e2tissi\u00e8re \u00e0 la vanille raisins secs, chocolat.","og_url":"https:\/\/www.caro-traiteur.com\/?product=drops","og_site_name":"Caro Traiteur","article_modified_time":"2024-08-01T16:00:48+00:00","og_image":[{"width":660,"height":660,"url":"https:\/\/www.caro-traiteur.com\/wp-content\/uploads\/2024\/08\/drops-au-chocolat.webp","type":"image\/webp"}],"twitter_card":"summary_large_image","twitter_title":"Drops - Caro Traiteur - La meilleure p\u00e2tisserie de Thi\u00e8s rien que pour votre plaisir.","twitter_description":"Drops, appel\u00e9 aussi suisse ou pain suisse, elle est form\u00e9e d\u2019un rectangle de p\u00e2te brioch\u00e9e garni d\u2019une cr\u00e8me p\u00e2tissi\u00e8re \u00e0 la vanille raisins secs, chocolat.","twitter_image":"https:\/\/www.caro-traiteur.com\/wp-content\/uploads\/2024\/08\/drops-au-chocolat.webp","twitter_misc":{"Dur\u00e9e de lecture estim\u00e9e":"1 minute"},"schema":{"@context":"https:\/\/schema.org","@graph":[{"@type":"WebPage","@id":"https:\/\/www.caro-traiteur.com\/?product=drops","url":"https:\/\/www.caro-traiteur.com\/?product=drops","name":"Drops - Caro Traiteur - La meilleure p\u00e2tisserie de Thi\u00e8s rien que pour votre plaisir.","isPartOf":{"@id":"https:\/\/www.caro-traiteur.com\/#website"},"primaryImageOfPage":{"@id":"https:\/\/www.caro-traiteur.com\/?product=drops#primaryimage"},"image":{"@id":"https:\/\/www.caro-traiteur.com\/?product=drops#primaryimage"},"thumbnailUrl":"https:\/\/www.caro-traiteur.com\/wp-content\/uploads\/2024\/08\/drops-au-chocolat.webp","datePublished":"2024-08-01T16:00:45+00:00","dateModified":"2024-08-01T16:00:48+00:00","description":"Drops, appel\u00e9 aussi suisse ou pain suisse, elle est form\u00e9e d\u2019un rectangle de p\u00e2te brioch\u00e9e garni d\u2019une cr\u00e8me p\u00e2tissi\u00e8re \u00e0 la vanille raisins secs, chocolat.","breadcrumb":{"@id":"https:\/\/www.caro-traiteur.com\/?product=drops#breadcrumb"},"inLanguage":"fr-FR","potentialAction":[{"@type":"ReadAction","target":["https:\/\/www.caro-traiteur.com\/?product=drops"]}]},{"@type":"ImageObject","inLanguage":"fr-FR","@id":"https:\/\/www.caro-traiteur.com\/?product=drops#primaryimage","url":"https:\/\/www.caro-traiteur.com\/wp-content\/uploads\/2024\/08\/drops-au-chocolat.webp","contentUrl":"https:\/\/www.caro-traiteur.com\/wp-content\/uploads\/2024\/08\/drops-au-chocolat.webp","width":660,"height":660,"caption":"Drops- Caro Traiteur - Meilleure P\u00e2tisserie de Thi\u00e8s"},{"@type":"BreadcrumbList","@id":"https:\/\/www.caro-traiteur.com\/?product=drops#breadcrumb","itemListElement":[{"@type":"ListItem","position":1,"name":"Home","item":"https:\/\/www.caro-traiteur.com\/"},{"@type":"ListItem","position":2,"name":"P\u00e2tisserie","item":"https:\/\/www.caro-traiteur.com\/?page_id=10"},{"@type":"ListItem","position":3,"name":"Drops"}]},{"@type":"WebSite","@id":"https:\/\/www.caro-traiteur.com\/#website","url":"https:\/\/www.caro-traiteur.com\/","name":"Caro Traiteur","description":"Votre partenaire saveur","publisher":{"@id":"https:\/\/www.caro-traiteur.com\/#organization"},"potentialAction":[{"@type":"SearchAction","target":{"@type":"EntryPoint","urlTemplate":"https:\/\/www.caro-traiteur.com\/?s={search_term_string}"},"query-input":{"@type":"PropertyValueSpecification","valueRequired":true,"valueName":"search_term_string"}}],"inLanguage":"fr-FR"},{"@type":"Organization","@id":"https:\/\/www.caro-traiteur.com\/#organization","name":"Caro Traiteur","url":"https:\/\/www.caro-traiteur.com\/","logo":{"@type":"ImageObject","inLanguage":"fr-FR","@id":"https:\/\/www.caro-traiteur.com\/#\/schema\/logo\/image\/","url":"https:\/\/www.caro-traiteur.com\/wp-content\/uploads\/2023\/10\/cropped-cropped-Logo_Caro-Line-04.png","contentUrl":"https:\/\/www.caro-traiteur.com\/wp-content\/uploads\/2023\/10\/cropped-cropped-Logo_Caro-Line-04.png","width":1806,"height":857,"caption":"Caro Traiteur"},"image":{"@id":"https:\/\/www.caro-traiteur.com\/#\/schema\/logo\/image\/"}}]}},"_links":{"self":[{"href":"https:\/\/www.caro-traiteur.com\/index.php?rest_route=\/wp\/v2\/product\/6795","targetHints":{"allow":["GET"]}}],"collection":[{"href":"https:\/\/www.caro-traiteur.com\/index.php?rest_route=\/wp\/v2\/product"}],"about":[{"href":"https:\/\/www.caro-traiteur.com\/index.php?rest_route=\/wp\/v2\/types\/product"}],"replies":[{"embeddable":true,"href":"https:\/\/www.caro-traiteur.com\/index.php?rest_route=%2Fwp%2Fv2%2Fcomments&post=6795"}],"wp:featuredmedia":[{"embeddable":true,"href":"https:\/\/www.caro-traiteur.com\/index.php?rest_route=\/wp\/v2\/media\/6796"}],"wp:attachment":[{"href":"https:\/\/www.caro-traiteur.com\/index.php?rest_route=%2Fwp%2Fv2%2Fmedia&parent=6795"}],"wp:term":[{"taxonomy":"product_brand","embeddable":true,"href":"https:\/\/www.caro-traiteur.com\/index.php?rest_route=%2Fwp%2Fv2%2Fproduct_brand&post=6795"},{"taxonomy":"product_cat","embeddable":true,"href":"https:\/\/www.caro-traiteur.com\/index.php?rest_route=%2Fwp%2Fv2%2Fproduct_cat&post=6795"},{"taxonomy":"product_tag","embeddable":true,"href":"https:\/\/www.caro-traiteur.com\/index.php?rest_route=%2Fwp%2Fv2%2Fproduct_tag&post=6795"}],"curies":[{"name":"wp","href":"https:\/\/api.w.org\/{rel}","templated":true}]}}