{"id":6829,"date":"2024-08-02T14:44:40","date_gmt":"2024-08-02T12:44:40","guid":{"rendered":"https:\/\/caro-traiteur.com\/?post_type=product&#038;p=6829"},"modified":"2024-08-03T13:51:34","modified_gmt":"2024-08-03T11:51:34","slug":"crepes-simples-portion-de-5","status":"publish","type":"product","link":"https:\/\/www.caro-traiteur.com\/?product=crepes-simples-portion-de-5","title":{"rendered":"Cr\u00eapes simples (portion de 5)"},"content":{"rendered":"<p>Entremets cuit en forme de galette fine pouvant \u00eatre aromatis\u00e9 et garni d&rsquo;ingr\u00e9dients sucr\u00e9s ou sal\u00e9s.<\/p>\n","protected":false},"excerpt":{"rendered":"<p>Cr\u00eape sucr\u00e9e :<\/p>\n<ul>\n<li>Farine,<\/li>\n<li>Lait,<\/li>\n<li>Sucre,<\/li>\n<li>\u0152uf,<\/li>\n<li>Vanille,<\/li>\n<li>Beurre,<\/li>\n<\/ul>\n","protected":false},"featured_media":6830,"comment_status":"open","ping_status":"closed","template":"","meta":{"om_disable_all_campaigns":false,"_monsterinsights_skip_tracking":false,"_monsterinsights_sitenote_active":false,"_monsterinsights_sitenote_note":"","_monsterinsights_sitenote_category":0,"_uf_show_specific_survey":0,"_uf_disable_surveys":false},"product_brand":[],"product_cat":[69],"product_tag":[95,96],"class_list":{"0":"post-6829","1":"product","2":"type-product","3":"status-publish","4":"has-post-thumbnail","6":"product_cat-crepe","7":"product_tag-crepe","8":"product_tag-simple","10":"first","11":"instock","12":"shipping-taxable","13":"purchasable","14":"product-type-simple"},"yoast_head":"<!-- This site is optimized with the Yoast SEO plugin v27.5 - https:\/\/yoast.com\/product\/yoast-seo-wordpress\/ -->\n<title>Cr\u00eapes simples (portion de 5) - Caro Traiteur - La meilleure p\u00e2tisserie de Thi\u00e8s.<\/title>\n<meta name=\"description\" content=\"Entremets cuit en forme de galette fine pouvant \u00eatre aromatis\u00e9 et garni d&#039;ingr\u00e9dients sucr\u00e9s ou sal\u00e9s. C&#039;est Caro Traiteur, votre partenaire saveur!\" \/>\n<meta name=\"robots\" content=\"index, follow, max-snippet:-1, max-image-preview:large, max-video-preview:-1\" \/>\n<link rel=\"canonical\" href=\"https:\/\/www.caro-traiteur.com\/?product=crepes-simples-portion-de-5\" \/>\n<meta property=\"og:locale\" content=\"fr_FR\" \/>\n<meta property=\"og:type\" content=\"article\" \/>\n<meta property=\"og:title\" content=\"Cr\u00eapes sucr\u00e9es - Caro Traiteur - La meilleure p\u00e2tisserie de Thi\u00e8s pour votre plaisir.\" \/>\n<meta property=\"og:description\" content=\"Entremets cuit en forme de galette fine pouvant \u00eatre aromatis\u00e9 et garni d&#039;ingr\u00e9dients sucr\u00e9s ou sal\u00e9s. C&#039;est Caro Traiteur, votre partenaire saveur!\" \/>\n<meta property=\"og:url\" content=\"https:\/\/www.caro-traiteur.com\/?product=crepes-simples-portion-de-5\" \/>\n<meta property=\"og:site_name\" content=\"Caro Traiteur\" \/>\n<meta property=\"article:modified_time\" content=\"2024-08-03T11:51:34+00:00\" \/>\n<meta property=\"og:image\" content=\"https:\/\/www.caro-traiteur.com\/wp-content\/uploads\/2024\/08\/Produit-Caro-T_Plan-de-travail-29.png\" \/>\n\t<meta property=\"og:image:width\" content=\"4167\" \/>\n\t<meta property=\"og:image:height\" content=\"4167\" \/>\n\t<meta property=\"og:image:type\" content=\"image\/png\" \/>\n<meta name=\"twitter:card\" content=\"summary_large_image\" \/>\n<meta name=\"twitter:title\" content=\"Cr\u00eapes sucr\u00e9es - Caro Traiteur - La meilleure p\u00e2tisserie de Thi\u00e8s pour votre plaisir.\" \/>\n<meta name=\"twitter:description\" content=\"Entremets cuit en forme de galette fine pouvant \u00eatre aromatis\u00e9 et garni d&#039;ingr\u00e9dients sucr\u00e9s ou sal\u00e9s. C&#039;est Caro Traiteur, votre partenaire saveur!\" \/>\n<meta name=\"twitter:image\" content=\"https:\/\/www.caro-traiteur.com\/wp-content\/uploads\/2024\/08\/Produit-Caro-T_Plan-de-travail-29.png\" \/>\n<meta name=\"twitter:label1\" content=\"Dur\u00e9e de lecture estim\u00e9e\" \/>\n\t<meta name=\"twitter:data1\" content=\"1 minute\" \/>\n<script type=\"application\/ld+json\" class=\"yoast-schema-graph\">{\"@context\":\"https:\\\/\\\/schema.org\",\"@graph\":[{\"@type\":\"WebPage\",\"@id\":\"https:\\\/\\\/www.caro-traiteur.com\\\/?product=crepes-simples-portion-de-5\",\"url\":\"https:\\\/\\\/www.caro-traiteur.com\\\/?product=crepes-simples-portion-de-5\",\"name\":\"Cr\u00eapes simples (portion de 5) - Caro Traiteur - La meilleure p\u00e2tisserie de Thi\u00e8s.\",\"isPartOf\":{\"@id\":\"https:\\\/\\\/www.caro-traiteur.com\\\/#website\"},\"primaryImageOfPage\":{\"@id\":\"https:\\\/\\\/www.caro-traiteur.com\\\/?product=crepes-simples-portion-de-5#primaryimage\"},\"image\":{\"@id\":\"https:\\\/\\\/www.caro-traiteur.com\\\/?product=crepes-simples-portion-de-5#primaryimage\"},\"thumbnailUrl\":\"https:\\\/\\\/www.caro-traiteur.com\\\/wp-content\\\/uploads\\\/2024\\\/08\\\/Produit-Caro-T_Plan-de-travail-29.png\",\"datePublished\":\"2024-08-02T12:44:40+00:00\",\"dateModified\":\"2024-08-03T11:51:34+00:00\",\"description\":\"Entremets cuit en forme de galette fine pouvant \u00eatre aromatis\u00e9 et garni d'ingr\u00e9dients sucr\u00e9s ou sal\u00e9s. C'est Caro Traiteur, votre partenaire saveur!\",\"breadcrumb\":{\"@id\":\"https:\\\/\\\/www.caro-traiteur.com\\\/?product=crepes-simples-portion-de-5#breadcrumb\"},\"inLanguage\":\"fr-FR\",\"potentialAction\":[{\"@type\":\"ReadAction\",\"target\":[\"https:\\\/\\\/www.caro-traiteur.com\\\/?product=crepes-simples-portion-de-5\"]}]},{\"@type\":\"ImageObject\",\"inLanguage\":\"fr-FR\",\"@id\":\"https:\\\/\\\/www.caro-traiteur.com\\\/?product=crepes-simples-portion-de-5#primaryimage\",\"url\":\"https:\\\/\\\/www.caro-traiteur.com\\\/wp-content\\\/uploads\\\/2024\\\/08\\\/Produit-Caro-T_Plan-de-travail-29.png\",\"contentUrl\":\"https:\\\/\\\/www.caro-traiteur.com\\\/wp-content\\\/uploads\\\/2024\\\/08\\\/Produit-Caro-T_Plan-de-travail-29.png\",\"width\":4167,\"height\":4167,\"caption\":\"Cr\u00eape simple - Caro Traiteur - Meilleure P\u00e2tisserie de Thi\u00e8s\"},{\"@type\":\"BreadcrumbList\",\"@id\":\"https:\\\/\\\/www.caro-traiteur.com\\\/?product=crepes-simples-portion-de-5#breadcrumb\",\"itemListElement\":[{\"@type\":\"ListItem\",\"position\":1,\"name\":\"Home\",\"item\":\"https:\\\/\\\/www.caro-traiteur.com\\\/\"},{\"@type\":\"ListItem\",\"position\":2,\"name\":\"P\u00e2tisserie\",\"item\":\"https:\\\/\\\/www.caro-traiteur.com\\\/?page_id=10\"},{\"@type\":\"ListItem\",\"position\":3,\"name\":\"Cr\u00eapes simples (portion de 5)\"}]},{\"@type\":\"WebSite\",\"@id\":\"https:\\\/\\\/www.caro-traiteur.com\\\/#website\",\"url\":\"https:\\\/\\\/www.caro-traiteur.com\\\/\",\"name\":\"Caro Traiteur\",\"description\":\"Votre partenaire saveur\",\"publisher\":{\"@id\":\"https:\\\/\\\/www.caro-traiteur.com\\\/#organization\"},\"potentialAction\":[{\"@type\":\"SearchAction\",\"target\":{\"@type\":\"EntryPoint\",\"urlTemplate\":\"https:\\\/\\\/www.caro-traiteur.com\\\/?s={search_term_string}\"},\"query-input\":{\"@type\":\"PropertyValueSpecification\",\"valueRequired\":true,\"valueName\":\"search_term_string\"}}],\"inLanguage\":\"fr-FR\"},{\"@type\":\"Organization\",\"@id\":\"https:\\\/\\\/www.caro-traiteur.com\\\/#organization\",\"name\":\"Caro Traiteur\",\"url\":\"https:\\\/\\\/www.caro-traiteur.com\\\/\",\"logo\":{\"@type\":\"ImageObject\",\"inLanguage\":\"fr-FR\",\"@id\":\"https:\\\/\\\/www.caro-traiteur.com\\\/#\\\/schema\\\/logo\\\/image\\\/\",\"url\":\"https:\\\/\\\/www.caro-traiteur.com\\\/wp-content\\\/uploads\\\/2023\\\/10\\\/cropped-cropped-Logo_Caro-Line-04.png\",\"contentUrl\":\"https:\\\/\\\/www.caro-traiteur.com\\\/wp-content\\\/uploads\\\/2023\\\/10\\\/cropped-cropped-Logo_Caro-Line-04.png\",\"width\":1806,\"height\":857,\"caption\":\"Caro Traiteur\"},\"image\":{\"@id\":\"https:\\\/\\\/www.caro-traiteur.com\\\/#\\\/schema\\\/logo\\\/image\\\/\"}}]}<\/script>\n<!-- \/ Yoast SEO plugin. -->","yoast_head_json":{"title":"Cr\u00eapes simples (portion de 5) - Caro Traiteur - La meilleure p\u00e2tisserie de Thi\u00e8s.","description":"Entremets cuit en forme de galette fine pouvant \u00eatre aromatis\u00e9 et garni d'ingr\u00e9dients sucr\u00e9s ou sal\u00e9s. C'est Caro Traiteur, votre partenaire saveur!","robots":{"index":"index","follow":"follow","max-snippet":"max-snippet:-1","max-image-preview":"max-image-preview:large","max-video-preview":"max-video-preview:-1"},"canonical":"https:\/\/www.caro-traiteur.com\/?product=crepes-simples-portion-de-5","og_locale":"fr_FR","og_type":"article","og_title":"Cr\u00eapes sucr\u00e9es - Caro Traiteur - La meilleure p\u00e2tisserie de Thi\u00e8s pour votre plaisir.","og_description":"Entremets cuit en forme de galette fine pouvant \u00eatre aromatis\u00e9 et garni d'ingr\u00e9dients sucr\u00e9s ou sal\u00e9s. C'est Caro Traiteur, votre partenaire saveur!","og_url":"https:\/\/www.caro-traiteur.com\/?product=crepes-simples-portion-de-5","og_site_name":"Caro Traiteur","article_modified_time":"2024-08-03T11:51:34+00:00","og_image":[{"width":4167,"height":4167,"url":"https:\/\/www.caro-traiteur.com\/wp-content\/uploads\/2024\/08\/Produit-Caro-T_Plan-de-travail-29.png","type":"image\/png"}],"twitter_card":"summary_large_image","twitter_title":"Cr\u00eapes sucr\u00e9es - Caro Traiteur - La meilleure p\u00e2tisserie de Thi\u00e8s pour votre plaisir.","twitter_description":"Entremets cuit en forme de galette fine pouvant \u00eatre aromatis\u00e9 et garni d'ingr\u00e9dients sucr\u00e9s ou sal\u00e9s. C'est Caro Traiteur, votre partenaire saveur!","twitter_image":"https:\/\/www.caro-traiteur.com\/wp-content\/uploads\/2024\/08\/Produit-Caro-T_Plan-de-travail-29.png","twitter_misc":{"Dur\u00e9e de lecture estim\u00e9e":"1 minute"},"schema":{"@context":"https:\/\/schema.org","@graph":[{"@type":"WebPage","@id":"https:\/\/www.caro-traiteur.com\/?product=crepes-simples-portion-de-5","url":"https:\/\/www.caro-traiteur.com\/?product=crepes-simples-portion-de-5","name":"Cr\u00eapes simples (portion de 5) - Caro Traiteur - La meilleure p\u00e2tisserie de Thi\u00e8s.","isPartOf":{"@id":"https:\/\/www.caro-traiteur.com\/#website"},"primaryImageOfPage":{"@id":"https:\/\/www.caro-traiteur.com\/?product=crepes-simples-portion-de-5#primaryimage"},"image":{"@id":"https:\/\/www.caro-traiteur.com\/?product=crepes-simples-portion-de-5#primaryimage"},"thumbnailUrl":"https:\/\/www.caro-traiteur.com\/wp-content\/uploads\/2024\/08\/Produit-Caro-T_Plan-de-travail-29.png","datePublished":"2024-08-02T12:44:40+00:00","dateModified":"2024-08-03T11:51:34+00:00","description":"Entremets cuit en forme de galette fine pouvant \u00eatre aromatis\u00e9 et garni d'ingr\u00e9dients sucr\u00e9s ou sal\u00e9s. C'est Caro Traiteur, votre partenaire saveur!","breadcrumb":{"@id":"https:\/\/www.caro-traiteur.com\/?product=crepes-simples-portion-de-5#breadcrumb"},"inLanguage":"fr-FR","potentialAction":[{"@type":"ReadAction","target":["https:\/\/www.caro-traiteur.com\/?product=crepes-simples-portion-de-5"]}]},{"@type":"ImageObject","inLanguage":"fr-FR","@id":"https:\/\/www.caro-traiteur.com\/?product=crepes-simples-portion-de-5#primaryimage","url":"https:\/\/www.caro-traiteur.com\/wp-content\/uploads\/2024\/08\/Produit-Caro-T_Plan-de-travail-29.png","contentUrl":"https:\/\/www.caro-traiteur.com\/wp-content\/uploads\/2024\/08\/Produit-Caro-T_Plan-de-travail-29.png","width":4167,"height":4167,"caption":"Cr\u00eape simple - Caro Traiteur - Meilleure P\u00e2tisserie de Thi\u00e8s"},{"@type":"BreadcrumbList","@id":"https:\/\/www.caro-traiteur.com\/?product=crepes-simples-portion-de-5#breadcrumb","itemListElement":[{"@type":"ListItem","position":1,"name":"Home","item":"https:\/\/www.caro-traiteur.com\/"},{"@type":"ListItem","position":2,"name":"P\u00e2tisserie","item":"https:\/\/www.caro-traiteur.com\/?page_id=10"},{"@type":"ListItem","position":3,"name":"Cr\u00eapes simples (portion de 5)"}]},{"@type":"WebSite","@id":"https:\/\/www.caro-traiteur.com\/#website","url":"https:\/\/www.caro-traiteur.com\/","name":"Caro Traiteur","description":"Votre partenaire saveur","publisher":{"@id":"https:\/\/www.caro-traiteur.com\/#organization"},"potentialAction":[{"@type":"SearchAction","target":{"@type":"EntryPoint","urlTemplate":"https:\/\/www.caro-traiteur.com\/?s={search_term_string}"},"query-input":{"@type":"PropertyValueSpecification","valueRequired":true,"valueName":"search_term_string"}}],"inLanguage":"fr-FR"},{"@type":"Organization","@id":"https:\/\/www.caro-traiteur.com\/#organization","name":"Caro Traiteur","url":"https:\/\/www.caro-traiteur.com\/","logo":{"@type":"ImageObject","inLanguage":"fr-FR","@id":"https:\/\/www.caro-traiteur.com\/#\/schema\/logo\/image\/","url":"https:\/\/www.caro-traiteur.com\/wp-content\/uploads\/2023\/10\/cropped-cropped-Logo_Caro-Line-04.png","contentUrl":"https:\/\/www.caro-traiteur.com\/wp-content\/uploads\/2023\/10\/cropped-cropped-Logo_Caro-Line-04.png","width":1806,"height":857,"caption":"Caro Traiteur"},"image":{"@id":"https:\/\/www.caro-traiteur.com\/#\/schema\/logo\/image\/"}}]}},"_links":{"self":[{"href":"https:\/\/www.caro-traiteur.com\/index.php?rest_route=\/wp\/v2\/product\/6829","targetHints":{"allow":["GET"]}}],"collection":[{"href":"https:\/\/www.caro-traiteur.com\/index.php?rest_route=\/wp\/v2\/product"}],"about":[{"href":"https:\/\/www.caro-traiteur.com\/index.php?rest_route=\/wp\/v2\/types\/product"}],"replies":[{"embeddable":true,"href":"https:\/\/www.caro-traiteur.com\/index.php?rest_route=%2Fwp%2Fv2%2Fcomments&post=6829"}],"wp:featuredmedia":[{"embeddable":true,"href":"https:\/\/www.caro-traiteur.com\/index.php?rest_route=\/wp\/v2\/media\/6830"}],"wp:attachment":[{"href":"https:\/\/www.caro-traiteur.com\/index.php?rest_route=%2Fwp%2Fv2%2Fmedia&parent=6829"}],"wp:term":[{"taxonomy":"product_brand","embeddable":true,"href":"https:\/\/www.caro-traiteur.com\/index.php?rest_route=%2Fwp%2Fv2%2Fproduct_brand&post=6829"},{"taxonomy":"product_cat","embeddable":true,"href":"https:\/\/www.caro-traiteur.com\/index.php?rest_route=%2Fwp%2Fv2%2Fproduct_cat&post=6829"},{"taxonomy":"product_tag","embeddable":true,"href":"https:\/\/www.caro-traiteur.com\/index.php?rest_route=%2Fwp%2Fv2%2Fproduct_tag&post=6829"}],"curies":[{"name":"wp","href":"https:\/\/api.w.org\/{rel}","templated":true}]}}