{"id":6860,"date":"2024-08-02T17:37:02","date_gmt":"2024-08-02T15:37:02","guid":{"rendered":"https:\/\/caro-traiteur.com\/?post_type=product&#038;p=6860"},"modified":"2024-08-02T17:41:30","modified_gmt":"2024-08-02T15:41:30","slug":"burger-classique","status":"publish","type":"product","link":"https:\/\/www.caro-traiteur.com\/?product=burger-classique","title":{"rendered":"Burger classique"},"content":{"rendered":"<p>Avec sa recette iconique :\u00a0Un steak hach\u00e9 100% pur b\u0153uf, ses oignons frais, sa salade, ses tomates, le tout r\u00e9hauss\u00e9 par sa sauce inimitable \u00e0 la moutarde \u00e0 l&rsquo;ancienne<\/p>\n","protected":false},"excerpt":{"rendered":"<p>Burger classique :<\/p>\n<ul>\n<li>Pain burger,<\/li>\n<li>Steak,<\/li>\n<li>Fromage,<\/li>\n<li>Pomme de terre,<\/li>\n<li>Crudit\u00e9<\/li>\n<\/ul>\n","protected":false},"featured_media":6502,"comment_status":"open","ping_status":"closed","template":"","meta":{"om_disable_all_campaigns":false,"_monsterinsights_skip_tracking":false,"_monsterinsights_sitenote_active":false,"_monsterinsights_sitenote_note":"","_monsterinsights_sitenote_category":0,"_uf_show_specific_survey":0,"_uf_disable_surveys":false},"product_brand":[],"product_cat":[58],"product_tag":[109,111],"class_list":{"0":"post-6860","1":"product","2":"type-product","3":"status-publish","4":"has-post-thumbnail","6":"product_cat-burger","7":"product_tag-burger","8":"product_tag-classique","10":"first","11":"instock","12":"shipping-taxable","13":"purchasable","14":"product-type-simple"},"yoast_head":"<!-- This site is optimized with the Yoast SEO plugin v27.5 - https:\/\/yoast.com\/product\/yoast-seo-wordpress\/ -->\n<title>Burger classique - Caro Traiteur - La meilleure p\u00e2tisserie de Thi\u00e8s pour votre plaisir!<\/title>\n<meta name=\"description\" content=\"Un steak hach\u00e9 100% pur b\u0153uf, ses oignons frais, sa salade, ses tomates, le tout r\u00e9hauss\u00e9 par sa sauce inimitable \u00e0 la moutarde \u00e0 l&#039;ancienne.\" \/>\n<meta name=\"robots\" content=\"index, follow, max-snippet:-1, max-image-preview:large, max-video-preview:-1\" \/>\n<link rel=\"canonical\" href=\"https:\/\/www.caro-traiteur.com\/?product=burger-classique\" \/>\n<meta property=\"og:locale\" content=\"fr_FR\" \/>\n<meta property=\"og:type\" content=\"article\" \/>\n<meta property=\"og:title\" content=\"Burger classique- Caro Traiteur - La meilleure p\u00e2tisserie de Thi\u00e8s pour votre plaisir!\" \/>\n<meta property=\"og:description\" content=\"Un steak hach\u00e9 100% pur b\u0153uf, ses oignons frais, sa salade, ses tomates, le tout r\u00e9hauss\u00e9 par sa sauce inimitable \u00e0 la moutarde \u00e0 l&#039;ancienne.\" \/>\n<meta property=\"og:url\" content=\"https:\/\/www.caro-traiteur.com\/?product=burger-classique\" \/>\n<meta property=\"og:site_name\" content=\"Caro Traiteur\" \/>\n<meta property=\"article:modified_time\" content=\"2024-08-02T15:41:30+00:00\" \/>\n<meta property=\"og:image\" content=\"https:\/\/www.caro-traiteur.com\/wp-content\/uploads\/revslider\/slider-home2\/revslider_h2-buger.png\" \/>\n\t<meta property=\"og:image:width\" content=\"808\" \/>\n\t<meta property=\"og:image:height\" content=\"787\" \/>\n\t<meta property=\"og:image:type\" content=\"image\/png\" \/>\n<meta name=\"twitter:card\" content=\"summary_large_image\" \/>\n<meta name=\"twitter:title\" content=\"Burger classique - Caro Traiteur - La meilleure p\u00e2tisserie de Thi\u00e8s pour votre plaisir!\" \/>\n<meta name=\"twitter:description\" content=\"Un steak hach\u00e9 100% pur b\u0153uf, ses oignons frais, sa salade, ses tomates, le tout r\u00e9hauss\u00e9 par sa sauce inimitable \u00e0 la moutarde \u00e0 l&#039;ancienne.\" \/>\n<meta name=\"twitter:image\" content=\"https:\/\/www.caro-traiteur.com\/wp-content\/uploads\/revslider\/slider-home2\/revslider_h2-buger.png\" \/>\n<meta name=\"twitter:label1\" content=\"Dur\u00e9e de lecture estim\u00e9e\" \/>\n\t<meta name=\"twitter:data1\" content=\"1 minute\" \/>\n<script type=\"application\/ld+json\" class=\"yoast-schema-graph\">{\"@context\":\"https:\\\/\\\/schema.org\",\"@graph\":[{\"@type\":\"WebPage\",\"@id\":\"https:\\\/\\\/www.caro-traiteur.com\\\/?product=burger-classique\",\"url\":\"https:\\\/\\\/www.caro-traiteur.com\\\/?product=burger-classique\",\"name\":\"Burger classique - Caro Traiteur - La meilleure p\u00e2tisserie de Thi\u00e8s pour votre plaisir!\",\"isPartOf\":{\"@id\":\"https:\\\/\\\/www.caro-traiteur.com\\\/#website\"},\"primaryImageOfPage\":{\"@id\":\"https:\\\/\\\/www.caro-traiteur.com\\\/?product=burger-classique#primaryimage\"},\"image\":{\"@id\":\"https:\\\/\\\/www.caro-traiteur.com\\\/?product=burger-classique#primaryimage\"},\"thumbnailUrl\":\"https:\\\/\\\/www.caro-traiteur.com\\\/wp-content\\\/uploads\\\/revslider\\\/slider-home2\\\/revslider_h2-buger.png\",\"datePublished\":\"2024-08-02T15:37:02+00:00\",\"dateModified\":\"2024-08-02T15:41:30+00:00\",\"description\":\"Un steak hach\u00e9 100% pur b\u0153uf, ses oignons frais, sa salade, ses tomates, le tout r\u00e9hauss\u00e9 par sa sauce inimitable \u00e0 la moutarde \u00e0 l'ancienne.\",\"breadcrumb\":{\"@id\":\"https:\\\/\\\/www.caro-traiteur.com\\\/?product=burger-classique#breadcrumb\"},\"inLanguage\":\"fr-FR\",\"potentialAction\":[{\"@type\":\"ReadAction\",\"target\":[\"https:\\\/\\\/www.caro-traiteur.com\\\/?product=burger-classique\"]}]},{\"@type\":\"ImageObject\",\"inLanguage\":\"fr-FR\",\"@id\":\"https:\\\/\\\/www.caro-traiteur.com\\\/?product=burger-classique#primaryimage\",\"url\":\"https:\\\/\\\/www.caro-traiteur.com\\\/wp-content\\\/uploads\\\/revslider\\\/slider-home2\\\/revslider_h2-buger.png\",\"contentUrl\":\"https:\\\/\\\/www.caro-traiteur.com\\\/wp-content\\\/uploads\\\/revslider\\\/slider-home2\\\/revslider_h2-buger.png\",\"width\":808,\"height\":787,\"caption\":\"Burger classique - Caro Traiteur - Meilleure P\u00e2tisserie de Thi\u00e8s\"},{\"@type\":\"BreadcrumbList\",\"@id\":\"https:\\\/\\\/www.caro-traiteur.com\\\/?product=burger-classique#breadcrumb\",\"itemListElement\":[{\"@type\":\"ListItem\",\"position\":1,\"name\":\"Home\",\"item\":\"https:\\\/\\\/www.caro-traiteur.com\\\/\"},{\"@type\":\"ListItem\",\"position\":2,\"name\":\"P\u00e2tisserie\",\"item\":\"https:\\\/\\\/www.caro-traiteur.com\\\/?page_id=10\"},{\"@type\":\"ListItem\",\"position\":3,\"name\":\"Burger classique\"}]},{\"@type\":\"WebSite\",\"@id\":\"https:\\\/\\\/www.caro-traiteur.com\\\/#website\",\"url\":\"https:\\\/\\\/www.caro-traiteur.com\\\/\",\"name\":\"Caro Traiteur\",\"description\":\"Votre partenaire saveur\",\"publisher\":{\"@id\":\"https:\\\/\\\/www.caro-traiteur.com\\\/#organization\"},\"potentialAction\":[{\"@type\":\"SearchAction\",\"target\":{\"@type\":\"EntryPoint\",\"urlTemplate\":\"https:\\\/\\\/www.caro-traiteur.com\\\/?s={search_term_string}\"},\"query-input\":{\"@type\":\"PropertyValueSpecification\",\"valueRequired\":true,\"valueName\":\"search_term_string\"}}],\"inLanguage\":\"fr-FR\"},{\"@type\":\"Organization\",\"@id\":\"https:\\\/\\\/www.caro-traiteur.com\\\/#organization\",\"name\":\"Caro Traiteur\",\"url\":\"https:\\\/\\\/www.caro-traiteur.com\\\/\",\"logo\":{\"@type\":\"ImageObject\",\"inLanguage\":\"fr-FR\",\"@id\":\"https:\\\/\\\/www.caro-traiteur.com\\\/#\\\/schema\\\/logo\\\/image\\\/\",\"url\":\"https:\\\/\\\/www.caro-traiteur.com\\\/wp-content\\\/uploads\\\/2023\\\/10\\\/cropped-cropped-Logo_Caro-Line-04.png\",\"contentUrl\":\"https:\\\/\\\/www.caro-traiteur.com\\\/wp-content\\\/uploads\\\/2023\\\/10\\\/cropped-cropped-Logo_Caro-Line-04.png\",\"width\":1806,\"height\":857,\"caption\":\"Caro Traiteur\"},\"image\":{\"@id\":\"https:\\\/\\\/www.caro-traiteur.com\\\/#\\\/schema\\\/logo\\\/image\\\/\"}}]}<\/script>\n<!-- \/ Yoast SEO plugin. -->","yoast_head_json":{"title":"Burger classique - Caro Traiteur - La meilleure p\u00e2tisserie de Thi\u00e8s pour votre plaisir!","description":"Un steak hach\u00e9 100% pur b\u0153uf, ses oignons frais, sa salade, ses tomates, le tout r\u00e9hauss\u00e9 par sa sauce inimitable \u00e0 la moutarde \u00e0 l'ancienne.","robots":{"index":"index","follow":"follow","max-snippet":"max-snippet:-1","max-image-preview":"max-image-preview:large","max-video-preview":"max-video-preview:-1"},"canonical":"https:\/\/www.caro-traiteur.com\/?product=burger-classique","og_locale":"fr_FR","og_type":"article","og_title":"Burger classique- Caro Traiteur - La meilleure p\u00e2tisserie de Thi\u00e8s pour votre plaisir!","og_description":"Un steak hach\u00e9 100% pur b\u0153uf, ses oignons frais, sa salade, ses tomates, le tout r\u00e9hauss\u00e9 par sa sauce inimitable \u00e0 la moutarde \u00e0 l'ancienne.","og_url":"https:\/\/www.caro-traiteur.com\/?product=burger-classique","og_site_name":"Caro Traiteur","article_modified_time":"2024-08-02T15:41:30+00:00","og_image":[{"width":808,"height":787,"url":"https:\/\/www.caro-traiteur.com\/wp-content\/uploads\/revslider\/slider-home2\/revslider_h2-buger.png","type":"image\/png"}],"twitter_card":"summary_large_image","twitter_title":"Burger classique - Caro Traiteur - La meilleure p\u00e2tisserie de Thi\u00e8s pour votre plaisir!","twitter_description":"Un steak hach\u00e9 100% pur b\u0153uf, ses oignons frais, sa salade, ses tomates, le tout r\u00e9hauss\u00e9 par sa sauce inimitable \u00e0 la moutarde \u00e0 l'ancienne.","twitter_image":"https:\/\/www.caro-traiteur.com\/wp-content\/uploads\/revslider\/slider-home2\/revslider_h2-buger.png","twitter_misc":{"Dur\u00e9e de lecture estim\u00e9e":"1 minute"},"schema":{"@context":"https:\/\/schema.org","@graph":[{"@type":"WebPage","@id":"https:\/\/www.caro-traiteur.com\/?product=burger-classique","url":"https:\/\/www.caro-traiteur.com\/?product=burger-classique","name":"Burger classique - Caro Traiteur - La meilleure p\u00e2tisserie de Thi\u00e8s pour votre plaisir!","isPartOf":{"@id":"https:\/\/www.caro-traiteur.com\/#website"},"primaryImageOfPage":{"@id":"https:\/\/www.caro-traiteur.com\/?product=burger-classique#primaryimage"},"image":{"@id":"https:\/\/www.caro-traiteur.com\/?product=burger-classique#primaryimage"},"thumbnailUrl":"https:\/\/www.caro-traiteur.com\/wp-content\/uploads\/revslider\/slider-home2\/revslider_h2-buger.png","datePublished":"2024-08-02T15:37:02+00:00","dateModified":"2024-08-02T15:41:30+00:00","description":"Un steak hach\u00e9 100% pur b\u0153uf, ses oignons frais, sa salade, ses tomates, le tout r\u00e9hauss\u00e9 par sa sauce inimitable \u00e0 la moutarde \u00e0 l'ancienne.","breadcrumb":{"@id":"https:\/\/www.caro-traiteur.com\/?product=burger-classique#breadcrumb"},"inLanguage":"fr-FR","potentialAction":[{"@type":"ReadAction","target":["https:\/\/www.caro-traiteur.com\/?product=burger-classique"]}]},{"@type":"ImageObject","inLanguage":"fr-FR","@id":"https:\/\/www.caro-traiteur.com\/?product=burger-classique#primaryimage","url":"https:\/\/www.caro-traiteur.com\/wp-content\/uploads\/revslider\/slider-home2\/revslider_h2-buger.png","contentUrl":"https:\/\/www.caro-traiteur.com\/wp-content\/uploads\/revslider\/slider-home2\/revslider_h2-buger.png","width":808,"height":787,"caption":"Burger classique - Caro Traiteur - Meilleure P\u00e2tisserie de Thi\u00e8s"},{"@type":"BreadcrumbList","@id":"https:\/\/www.caro-traiteur.com\/?product=burger-classique#breadcrumb","itemListElement":[{"@type":"ListItem","position":1,"name":"Home","item":"https:\/\/www.caro-traiteur.com\/"},{"@type":"ListItem","position":2,"name":"P\u00e2tisserie","item":"https:\/\/www.caro-traiteur.com\/?page_id=10"},{"@type":"ListItem","position":3,"name":"Burger classique"}]},{"@type":"WebSite","@id":"https:\/\/www.caro-traiteur.com\/#website","url":"https:\/\/www.caro-traiteur.com\/","name":"Caro Traiteur","description":"Votre partenaire saveur","publisher":{"@id":"https:\/\/www.caro-traiteur.com\/#organization"},"potentialAction":[{"@type":"SearchAction","target":{"@type":"EntryPoint","urlTemplate":"https:\/\/www.caro-traiteur.com\/?s={search_term_string}"},"query-input":{"@type":"PropertyValueSpecification","valueRequired":true,"valueName":"search_term_string"}}],"inLanguage":"fr-FR"},{"@type":"Organization","@id":"https:\/\/www.caro-traiteur.com\/#organization","name":"Caro Traiteur","url":"https:\/\/www.caro-traiteur.com\/","logo":{"@type":"ImageObject","inLanguage":"fr-FR","@id":"https:\/\/www.caro-traiteur.com\/#\/schema\/logo\/image\/","url":"https:\/\/www.caro-traiteur.com\/wp-content\/uploads\/2023\/10\/cropped-cropped-Logo_Caro-Line-04.png","contentUrl":"https:\/\/www.caro-traiteur.com\/wp-content\/uploads\/2023\/10\/cropped-cropped-Logo_Caro-Line-04.png","width":1806,"height":857,"caption":"Caro Traiteur"},"image":{"@id":"https:\/\/www.caro-traiteur.com\/#\/schema\/logo\/image\/"}}]}},"_links":{"self":[{"href":"https:\/\/www.caro-traiteur.com\/index.php?rest_route=\/wp\/v2\/product\/6860","targetHints":{"allow":["GET"]}}],"collection":[{"href":"https:\/\/www.caro-traiteur.com\/index.php?rest_route=\/wp\/v2\/product"}],"about":[{"href":"https:\/\/www.caro-traiteur.com\/index.php?rest_route=\/wp\/v2\/types\/product"}],"replies":[{"embeddable":true,"href":"https:\/\/www.caro-traiteur.com\/index.php?rest_route=%2Fwp%2Fv2%2Fcomments&post=6860"}],"wp:featuredmedia":[{"embeddable":true,"href":"https:\/\/www.caro-traiteur.com\/index.php?rest_route=\/wp\/v2\/media\/6502"}],"wp:attachment":[{"href":"https:\/\/www.caro-traiteur.com\/index.php?rest_route=%2Fwp%2Fv2%2Fmedia&parent=6860"}],"wp:term":[{"taxonomy":"product_brand","embeddable":true,"href":"https:\/\/www.caro-traiteur.com\/index.php?rest_route=%2Fwp%2Fv2%2Fproduct_brand&post=6860"},{"taxonomy":"product_cat","embeddable":true,"href":"https:\/\/www.caro-traiteur.com\/index.php?rest_route=%2Fwp%2Fv2%2Fproduct_cat&post=6860"},{"taxonomy":"product_tag","embeddable":true,"href":"https:\/\/www.caro-traiteur.com\/index.php?rest_route=%2Fwp%2Fv2%2Fproduct_tag&post=6860"}],"curies":[{"name":"wp","href":"https:\/\/api.w.org\/{rel}","templated":true}]}}