{"id":6874,"date":"2024-08-02T18:41:13","date_gmt":"2024-08-02T16:41:13","guid":{"rendered":"https:\/\/caro-traiteur.com\/?post_type=product&#038;p=6874"},"modified":"2024-08-02T18:42:19","modified_gmt":"2024-08-02T16:42:19","slug":"dibi-viande-moite","status":"publish","type":"product","link":"https:\/\/www.caro-traiteur.com\/?product=dibi-viande-moite","title":{"rendered":"Dibi viande moit\u00e9"},"content":{"rendered":"<p>Le dibi est une sp\u00e9cialit\u00e9 culinaire ouest-africaine. Il s&rsquo;agit de viande ou de poulet grill\u00e9 au feu de bois. Le \u00ab dibi haoussa \u00bb est en outre assaisonn\u00e9 d&rsquo;un m\u00e9lange d&rsquo;\u00e9pices.<\/p>\n","protected":false},"excerpt":{"rendered":"<p>Dibi viande :<\/p>\n<ul>\n<li>viande,<\/li>\n<li>oignon,<\/li>\n<li>moutarde,<\/li>\n<li>frite,<\/li>\n<li>poivre<\/li>\n<\/ul>\n","protected":false},"featured_media":6873,"comment_status":"open","ping_status":"closed","template":"","meta":{"om_disable_all_campaigns":false,"_monsterinsights_skip_tracking":false,"_monsterinsights_sitenote_active":false,"_monsterinsights_sitenote_note":"","_monsterinsights_sitenote_category":0,"_uf_show_specific_survey":0,"_uf_disable_surveys":false},"product_brand":[],"product_cat":[60],"product_tag":[113,114,99],"class_list":{"0":"post-6874","1":"product","2":"type-product","3":"status-publish","4":"has-post-thumbnail","6":"product_cat-dibi","7":"product_tag-dibi","8":"product_tag-moitie","9":"product_tag-viande","11":"first","12":"instock","13":"shipping-taxable","14":"purchasable","15":"product-type-simple"},"yoast_head":"<!-- This site is optimized with the Yoast SEO plugin v27.5 - https:\/\/yoast.com\/product\/yoast-seo-wordpress\/ -->\n<title>Dibi viande moit\u00e9 - Caro Traiteur - La meilleure dibiterie de Thi\u00e8s pour votre plaisir!<\/title>\n<meta name=\"description\" content=\"Le dibi est une sp\u00e9cialit\u00e9 s\u00e9n\u00e9gal. Il s&#039;agit de viande ou de poulet grill\u00e9 au feu de bois. Le dibi haoussa est en outre assaisonn\u00e9 d&#039;un m\u00e9lange d&#039;\u00e9pices.\" \/>\n<meta name=\"robots\" content=\"index, follow, max-snippet:-1, max-image-preview:large, max-video-preview:-1\" \/>\n<link rel=\"canonical\" href=\"https:\/\/www.caro-traiteur.com\/?product=dibi-viande-moite\" \/>\n<meta property=\"og:locale\" content=\"fr_FR\" \/>\n<meta property=\"og:type\" content=\"article\" \/>\n<meta property=\"og:title\" content=\"Dibi viande- Caro Traiteur - La meilleure dibiterie de Thi\u00e8s pour votre plaisir!\" \/>\n<meta property=\"og:description\" content=\"Le dibi est une sp\u00e9cialit\u00e9 s\u00e9n\u00e9gal. Il s&#039;agit de viande ou de poulet grill\u00e9 au feu de bois. Le dibi haoussa est en outre assaisonn\u00e9 d&#039;un m\u00e9lange d&#039;\u00e9pices.\" \/>\n<meta property=\"og:url\" content=\"https:\/\/www.caro-traiteur.com\/?product=dibi-viande-moite\" \/>\n<meta property=\"og:site_name\" content=\"Caro Traiteur\" \/>\n<meta property=\"article:modified_time\" content=\"2024-08-02T16:42:19+00:00\" \/>\n<meta property=\"og:image\" content=\"https:\/\/www.caro-traiteur.com\/wp-content\/uploads\/2024\/08\/Produit-Caro-T_Plan-de-travail-24.png\" \/>\n\t<meta property=\"og:image:width\" content=\"4167\" \/>\n\t<meta property=\"og:image:height\" content=\"4167\" \/>\n\t<meta property=\"og:image:type\" content=\"image\/png\" \/>\n<meta name=\"twitter:card\" content=\"summary_large_image\" \/>\n<meta name=\"twitter:title\" content=\"Dibi viande- Caro Traiteur - La meilleure dibiterie de Thi\u00e8s pour votre plaisir!\" \/>\n<meta name=\"twitter:description\" content=\"Le dibi est une sp\u00e9cialit\u00e9 s\u00e9n\u00e9gal. Il s&#039;agit de viande ou de poulet grill\u00e9 au feu de bois. Le dibi haoussa est en outre assaisonn\u00e9 d&#039;un m\u00e9lange d&#039;\u00e9pices.\" \/>\n<meta name=\"twitter:image\" content=\"https:\/\/www.caro-traiteur.com\/wp-content\/uploads\/2024\/08\/Produit-Caro-T_Plan-de-travail-24.png\" \/>\n<meta name=\"twitter:label1\" content=\"Dur\u00e9e de lecture estim\u00e9e\" \/>\n\t<meta name=\"twitter:data1\" content=\"1 minute\" \/>\n<script type=\"application\/ld+json\" class=\"yoast-schema-graph\">{\"@context\":\"https:\\\/\\\/schema.org\",\"@graph\":[{\"@type\":\"WebPage\",\"@id\":\"https:\\\/\\\/www.caro-traiteur.com\\\/?product=dibi-viande-moite\",\"url\":\"https:\\\/\\\/www.caro-traiteur.com\\\/?product=dibi-viande-moite\",\"name\":\"Dibi viande moit\u00e9 - Caro Traiteur - La meilleure dibiterie de Thi\u00e8s pour votre plaisir!\",\"isPartOf\":{\"@id\":\"https:\\\/\\\/www.caro-traiteur.com\\\/#website\"},\"primaryImageOfPage\":{\"@id\":\"https:\\\/\\\/www.caro-traiteur.com\\\/?product=dibi-viande-moite#primaryimage\"},\"image\":{\"@id\":\"https:\\\/\\\/www.caro-traiteur.com\\\/?product=dibi-viande-moite#primaryimage\"},\"thumbnailUrl\":\"https:\\\/\\\/www.caro-traiteur.com\\\/wp-content\\\/uploads\\\/2024\\\/08\\\/dibi2-e1722616514826.jpeg\",\"datePublished\":\"2024-08-02T16:41:13+00:00\",\"dateModified\":\"2024-08-02T16:42:19+00:00\",\"description\":\"Le dibi est une sp\u00e9cialit\u00e9 s\u00e9n\u00e9gal. Il s'agit de viande ou de poulet grill\u00e9 au feu de bois. Le dibi haoussa est en outre assaisonn\u00e9 d'un m\u00e9lange d'\u00e9pices.\",\"breadcrumb\":{\"@id\":\"https:\\\/\\\/www.caro-traiteur.com\\\/?product=dibi-viande-moite#breadcrumb\"},\"inLanguage\":\"fr-FR\",\"potentialAction\":[{\"@type\":\"ReadAction\",\"target\":[\"https:\\\/\\\/www.caro-traiteur.com\\\/?product=dibi-viande-moite\"]}]},{\"@type\":\"ImageObject\",\"inLanguage\":\"fr-FR\",\"@id\":\"https:\\\/\\\/www.caro-traiteur.com\\\/?product=dibi-viande-moite#primaryimage\",\"url\":\"https:\\\/\\\/www.caro-traiteur.com\\\/wp-content\\\/uploads\\\/2024\\\/08\\\/dibi2-e1722616514826.jpeg\",\"contentUrl\":\"https:\\\/\\\/www.caro-traiteur.com\\\/wp-content\\\/uploads\\\/2024\\\/08\\\/dibi2-e1722616514826.jpeg\",\"width\":666,\"height\":666,\"caption\":\"Dibi viande - Caro Traiteur - Meilleure P\u00e2tisserie de Thi\u00e8s\"},{\"@type\":\"BreadcrumbList\",\"@id\":\"https:\\\/\\\/www.caro-traiteur.com\\\/?product=dibi-viande-moite#breadcrumb\",\"itemListElement\":[{\"@type\":\"ListItem\",\"position\":1,\"name\":\"Home\",\"item\":\"https:\\\/\\\/www.caro-traiteur.com\\\/\"},{\"@type\":\"ListItem\",\"position\":2,\"name\":\"P\u00e2tisserie\",\"item\":\"https:\\\/\\\/www.caro-traiteur.com\\\/?page_id=10\"},{\"@type\":\"ListItem\",\"position\":3,\"name\":\"Dibi viande moit\u00e9\"}]},{\"@type\":\"WebSite\",\"@id\":\"https:\\\/\\\/www.caro-traiteur.com\\\/#website\",\"url\":\"https:\\\/\\\/www.caro-traiteur.com\\\/\",\"name\":\"Caro Traiteur\",\"description\":\"Votre partenaire saveur\",\"publisher\":{\"@id\":\"https:\\\/\\\/www.caro-traiteur.com\\\/#organization\"},\"potentialAction\":[{\"@type\":\"SearchAction\",\"target\":{\"@type\":\"EntryPoint\",\"urlTemplate\":\"https:\\\/\\\/www.caro-traiteur.com\\\/?s={search_term_string}\"},\"query-input\":{\"@type\":\"PropertyValueSpecification\",\"valueRequired\":true,\"valueName\":\"search_term_string\"}}],\"inLanguage\":\"fr-FR\"},{\"@type\":\"Organization\",\"@id\":\"https:\\\/\\\/www.caro-traiteur.com\\\/#organization\",\"name\":\"Caro Traiteur\",\"url\":\"https:\\\/\\\/www.caro-traiteur.com\\\/\",\"logo\":{\"@type\":\"ImageObject\",\"inLanguage\":\"fr-FR\",\"@id\":\"https:\\\/\\\/www.caro-traiteur.com\\\/#\\\/schema\\\/logo\\\/image\\\/\",\"url\":\"https:\\\/\\\/www.caro-traiteur.com\\\/wp-content\\\/uploads\\\/2023\\\/10\\\/cropped-cropped-Logo_Caro-Line-04.png\",\"contentUrl\":\"https:\\\/\\\/www.caro-traiteur.com\\\/wp-content\\\/uploads\\\/2023\\\/10\\\/cropped-cropped-Logo_Caro-Line-04.png\",\"width\":1806,\"height\":857,\"caption\":\"Caro Traiteur\"},\"image\":{\"@id\":\"https:\\\/\\\/www.caro-traiteur.com\\\/#\\\/schema\\\/logo\\\/image\\\/\"}}]}<\/script>\n<!-- \/ Yoast SEO plugin. -->","yoast_head_json":{"title":"Dibi viande moit\u00e9 - Caro Traiteur - La meilleure dibiterie de Thi\u00e8s pour votre plaisir!","description":"Le dibi est une sp\u00e9cialit\u00e9 s\u00e9n\u00e9gal. Il s'agit de viande ou de poulet grill\u00e9 au feu de bois. Le dibi haoussa est en outre assaisonn\u00e9 d'un m\u00e9lange d'\u00e9pices.","robots":{"index":"index","follow":"follow","max-snippet":"max-snippet:-1","max-image-preview":"max-image-preview:large","max-video-preview":"max-video-preview:-1"},"canonical":"https:\/\/www.caro-traiteur.com\/?product=dibi-viande-moite","og_locale":"fr_FR","og_type":"article","og_title":"Dibi viande- Caro Traiteur - La meilleure dibiterie de Thi\u00e8s pour votre plaisir!","og_description":"Le dibi est une sp\u00e9cialit\u00e9 s\u00e9n\u00e9gal. Il s'agit de viande ou de poulet grill\u00e9 au feu de bois. Le dibi haoussa est en outre assaisonn\u00e9 d'un m\u00e9lange d'\u00e9pices.","og_url":"https:\/\/www.caro-traiteur.com\/?product=dibi-viande-moite","og_site_name":"Caro Traiteur","article_modified_time":"2024-08-02T16:42:19+00:00","og_image":[{"width":4167,"height":4167,"url":"https:\/\/www.caro-traiteur.com\/wp-content\/uploads\/2024\/08\/Produit-Caro-T_Plan-de-travail-24.png","type":"image\/png"}],"twitter_card":"summary_large_image","twitter_title":"Dibi viande- Caro Traiteur - La meilleure dibiterie de Thi\u00e8s pour votre plaisir!","twitter_description":"Le dibi est une sp\u00e9cialit\u00e9 s\u00e9n\u00e9gal. Il s'agit de viande ou de poulet grill\u00e9 au feu de bois. Le dibi haoussa est en outre assaisonn\u00e9 d'un m\u00e9lange d'\u00e9pices.","twitter_image":"https:\/\/www.caro-traiteur.com\/wp-content\/uploads\/2024\/08\/Produit-Caro-T_Plan-de-travail-24.png","twitter_misc":{"Dur\u00e9e de lecture estim\u00e9e":"1 minute"},"schema":{"@context":"https:\/\/schema.org","@graph":[{"@type":"WebPage","@id":"https:\/\/www.caro-traiteur.com\/?product=dibi-viande-moite","url":"https:\/\/www.caro-traiteur.com\/?product=dibi-viande-moite","name":"Dibi viande moit\u00e9 - Caro Traiteur - La meilleure dibiterie de Thi\u00e8s pour votre plaisir!","isPartOf":{"@id":"https:\/\/www.caro-traiteur.com\/#website"},"primaryImageOfPage":{"@id":"https:\/\/www.caro-traiteur.com\/?product=dibi-viande-moite#primaryimage"},"image":{"@id":"https:\/\/www.caro-traiteur.com\/?product=dibi-viande-moite#primaryimage"},"thumbnailUrl":"https:\/\/www.caro-traiteur.com\/wp-content\/uploads\/2024\/08\/dibi2-e1722616514826.jpeg","datePublished":"2024-08-02T16:41:13+00:00","dateModified":"2024-08-02T16:42:19+00:00","description":"Le dibi est une sp\u00e9cialit\u00e9 s\u00e9n\u00e9gal. Il s'agit de viande ou de poulet grill\u00e9 au feu de bois. Le dibi haoussa est en outre assaisonn\u00e9 d'un m\u00e9lange d'\u00e9pices.","breadcrumb":{"@id":"https:\/\/www.caro-traiteur.com\/?product=dibi-viande-moite#breadcrumb"},"inLanguage":"fr-FR","potentialAction":[{"@type":"ReadAction","target":["https:\/\/www.caro-traiteur.com\/?product=dibi-viande-moite"]}]},{"@type":"ImageObject","inLanguage":"fr-FR","@id":"https:\/\/www.caro-traiteur.com\/?product=dibi-viande-moite#primaryimage","url":"https:\/\/www.caro-traiteur.com\/wp-content\/uploads\/2024\/08\/dibi2-e1722616514826.jpeg","contentUrl":"https:\/\/www.caro-traiteur.com\/wp-content\/uploads\/2024\/08\/dibi2-e1722616514826.jpeg","width":666,"height":666,"caption":"Dibi viande - Caro Traiteur - Meilleure P\u00e2tisserie de Thi\u00e8s"},{"@type":"BreadcrumbList","@id":"https:\/\/www.caro-traiteur.com\/?product=dibi-viande-moite#breadcrumb","itemListElement":[{"@type":"ListItem","position":1,"name":"Home","item":"https:\/\/www.caro-traiteur.com\/"},{"@type":"ListItem","position":2,"name":"P\u00e2tisserie","item":"https:\/\/www.caro-traiteur.com\/?page_id=10"},{"@type":"ListItem","position":3,"name":"Dibi viande moit\u00e9"}]},{"@type":"WebSite","@id":"https:\/\/www.caro-traiteur.com\/#website","url":"https:\/\/www.caro-traiteur.com\/","name":"Caro Traiteur","description":"Votre partenaire saveur","publisher":{"@id":"https:\/\/www.caro-traiteur.com\/#organization"},"potentialAction":[{"@type":"SearchAction","target":{"@type":"EntryPoint","urlTemplate":"https:\/\/www.caro-traiteur.com\/?s={search_term_string}"},"query-input":{"@type":"PropertyValueSpecification","valueRequired":true,"valueName":"search_term_string"}}],"inLanguage":"fr-FR"},{"@type":"Organization","@id":"https:\/\/www.caro-traiteur.com\/#organization","name":"Caro Traiteur","url":"https:\/\/www.caro-traiteur.com\/","logo":{"@type":"ImageObject","inLanguage":"fr-FR","@id":"https:\/\/www.caro-traiteur.com\/#\/schema\/logo\/image\/","url":"https:\/\/www.caro-traiteur.com\/wp-content\/uploads\/2023\/10\/cropped-cropped-Logo_Caro-Line-04.png","contentUrl":"https:\/\/www.caro-traiteur.com\/wp-content\/uploads\/2023\/10\/cropped-cropped-Logo_Caro-Line-04.png","width":1806,"height":857,"caption":"Caro Traiteur"},"image":{"@id":"https:\/\/www.caro-traiteur.com\/#\/schema\/logo\/image\/"}}]}},"_links":{"self":[{"href":"https:\/\/www.caro-traiteur.com\/index.php?rest_route=\/wp\/v2\/product\/6874","targetHints":{"allow":["GET"]}}],"collection":[{"href":"https:\/\/www.caro-traiteur.com\/index.php?rest_route=\/wp\/v2\/product"}],"about":[{"href":"https:\/\/www.caro-traiteur.com\/index.php?rest_route=\/wp\/v2\/types\/product"}],"replies":[{"embeddable":true,"href":"https:\/\/www.caro-traiteur.com\/index.php?rest_route=%2Fwp%2Fv2%2Fcomments&post=6874"}],"wp:featuredmedia":[{"embeddable":true,"href":"https:\/\/www.caro-traiteur.com\/index.php?rest_route=\/wp\/v2\/media\/6873"}],"wp:attachment":[{"href":"https:\/\/www.caro-traiteur.com\/index.php?rest_route=%2Fwp%2Fv2%2Fmedia&parent=6874"}],"wp:term":[{"taxonomy":"product_brand","embeddable":true,"href":"https:\/\/www.caro-traiteur.com\/index.php?rest_route=%2Fwp%2Fv2%2Fproduct_brand&post=6874"},{"taxonomy":"product_cat","embeddable":true,"href":"https:\/\/www.caro-traiteur.com\/index.php?rest_route=%2Fwp%2Fv2%2Fproduct_cat&post=6874"},{"taxonomy":"product_tag","embeddable":true,"href":"https:\/\/www.caro-traiteur.com\/index.php?rest_route=%2Fwp%2Fv2%2Fproduct_tag&post=6874"}],"curies":[{"name":"wp","href":"https:\/\/api.w.org\/{rel}","templated":true}]}}