{"id":6886,"date":"2024-08-02T19:16:19","date_gmt":"2024-08-02T17:16:19","guid":{"rendered":"https:\/\/caro-traiteur.com\/?post_type=product&#038;p=6886"},"modified":"2024-08-02T19:20:04","modified_gmt":"2024-08-02T17:20:04","slug":"fataya-thon","status":"publish","type":"product","link":"https:\/\/www.caro-traiteur.com\/?product=fataya-thon","title":{"rendered":"Fataya thon"},"content":{"rendered":"<p>Le fataya est un d\u00e9licieux\u00a0chausson farci tout comme son cousin : le pastel. Vous les appr\u00e9cierez davantage en les mangeant ti\u00e8de avec ou sans la sauce de tomate mise \u00e0 disposition.<\/p>\n","protected":false},"excerpt":{"rendered":"<p>Fataya thon :<\/p>\n<ul>\n<li>Farine,<\/li>\n<li>Levure,<\/li>\n<li>Sel,<\/li>\n<li>\u0152uf,<\/li>\n<li>Oignon,<\/li>\n<li>Farce de thon<\/li>\n<\/ul>\n","protected":false},"featured_media":6887,"comment_status":"open","ping_status":"closed","template":"","meta":{"om_disable_all_campaigns":false,"_monsterinsights_skip_tracking":false,"_monsterinsights_sitenote_active":false,"_monsterinsights_sitenote_note":"","_monsterinsights_sitenote_category":0,"_uf_show_specific_survey":0,"_uf_disable_surveys":false},"product_brand":[],"product_cat":[62],"product_tag":[119,121],"class_list":{"0":"post-6886","1":"product","2":"type-product","3":"status-publish","4":"has-post-thumbnail","6":"product_cat-fataya","7":"product_tag-fataya","8":"product_tag-thon","10":"first","11":"instock","12":"shipping-taxable","13":"purchasable","14":"product-type-simple"},"yoast_head":"<!-- This site is optimized with the Yoast SEO plugin v27.5 - https:\/\/yoast.com\/product\/yoast-seo-wordpress\/ -->\n<title>Fataya thon - Caro Traiteur - La meilleure p\u00e2tisserie de Thi\u00e8s pour votre plaisir!<\/title>\n<meta name=\"description\" content=\"Le fataya est un d\u00e9licieux\u00a0chausson farci tout comme son cousin : le pastel. Vous les appr\u00e9cierez davantage en les mangeant ti\u00e8de avec ou sans la sauce\" \/>\n<meta name=\"robots\" content=\"index, follow, max-snippet:-1, max-image-preview:large, max-video-preview:-1\" \/>\n<link rel=\"canonical\" href=\"https:\/\/www.caro-traiteur.com\/?product=fataya-thon\" \/>\n<meta property=\"og:locale\" content=\"fr_FR\" \/>\n<meta property=\"og:type\" content=\"article\" \/>\n<meta property=\"og:title\" content=\"Fataya - Caro Traiteur - La meilleure p\u00e2tisserie de Thi\u00e8s pour votre plaisir!\" \/>\n<meta property=\"og:description\" content=\"Le fataya est un d\u00e9licieux\u00a0chausson farci tout comme son cousin : le pastel. Vous les appr\u00e9cierez davantage en les mangeant ti\u00e8de avec ou sans la sauce\" \/>\n<meta property=\"og:url\" content=\"https:\/\/www.caro-traiteur.com\/?product=fataya-thon\" \/>\n<meta property=\"og:site_name\" content=\"Caro Traiteur\" \/>\n<meta property=\"article:modified_time\" content=\"2024-08-02T17:20:04+00:00\" \/>\n<meta property=\"og:image\" content=\"https:\/\/www.caro-traiteur.com\/wp-content\/uploads\/2024\/08\/Fataya-3-e1722619148501.jpeg\" \/>\n\t<meta property=\"og:image:width\" content=\"376\" \/>\n\t<meta property=\"og:image:height\" content=\"376\" \/>\n\t<meta property=\"og:image:type\" content=\"image\/jpeg\" \/>\n<meta name=\"twitter:card\" content=\"summary_large_image\" \/>\n<meta name=\"twitter:title\" content=\"Fataya - Caro Traiteur - La meilleure p\u00e2tisserie de Thi\u00e8s pour votre plaisir!\" \/>\n<meta name=\"twitter:description\" content=\"Le fataya est un d\u00e9licieux\u00a0chausson farci tout comme son cousin : le pastel. Vous les appr\u00e9cierez davantage en les mangeant ti\u00e8de avec ou sans la sauce\" \/>\n<meta name=\"twitter:image\" content=\"https:\/\/www.caro-traiteur.com\/wp-content\/uploads\/2024\/08\/Fataya-3-e1722619148501.jpeg\" \/>\n<meta name=\"twitter:label1\" content=\"Dur\u00e9e de lecture estim\u00e9e\" \/>\n\t<meta name=\"twitter:data1\" content=\"1 minute\" \/>\n<script type=\"application\/ld+json\" class=\"yoast-schema-graph\">{\"@context\":\"https:\\\/\\\/schema.org\",\"@graph\":[{\"@type\":\"WebPage\",\"@id\":\"https:\\\/\\\/www.caro-traiteur.com\\\/?product=fataya-thon\",\"url\":\"https:\\\/\\\/www.caro-traiteur.com\\\/?product=fataya-thon\",\"name\":\"Fataya thon - Caro Traiteur - La meilleure p\u00e2tisserie de Thi\u00e8s pour votre plaisir!\",\"isPartOf\":{\"@id\":\"https:\\\/\\\/www.caro-traiteur.com\\\/#website\"},\"primaryImageOfPage\":{\"@id\":\"https:\\\/\\\/www.caro-traiteur.com\\\/?product=fataya-thon#primaryimage\"},\"image\":{\"@id\":\"https:\\\/\\\/www.caro-traiteur.com\\\/?product=fataya-thon#primaryimage\"},\"thumbnailUrl\":\"https:\\\/\\\/www.caro-traiteur.com\\\/wp-content\\\/uploads\\\/2024\\\/08\\\/Fataya-3-e1722619148501.jpeg\",\"datePublished\":\"2024-08-02T17:16:19+00:00\",\"dateModified\":\"2024-08-02T17:20:04+00:00\",\"description\":\"Le fataya est un d\u00e9licieux\u00a0chausson farci tout comme son cousin : le pastel. Vous les appr\u00e9cierez davantage en les mangeant ti\u00e8de avec ou sans la sauce\",\"breadcrumb\":{\"@id\":\"https:\\\/\\\/www.caro-traiteur.com\\\/?product=fataya-thon#breadcrumb\"},\"inLanguage\":\"fr-FR\",\"potentialAction\":[{\"@type\":\"ReadAction\",\"target\":[\"https:\\\/\\\/www.caro-traiteur.com\\\/?product=fataya-thon\"]}]},{\"@type\":\"ImageObject\",\"inLanguage\":\"fr-FR\",\"@id\":\"https:\\\/\\\/www.caro-traiteur.com\\\/?product=fataya-thon#primaryimage\",\"url\":\"https:\\\/\\\/www.caro-traiteur.com\\\/wp-content\\\/uploads\\\/2024\\\/08\\\/Fataya-3-e1722619148501.jpeg\",\"contentUrl\":\"https:\\\/\\\/www.caro-traiteur.com\\\/wp-content\\\/uploads\\\/2024\\\/08\\\/Fataya-3-e1722619148501.jpeg\",\"width\":376,\"height\":376,\"caption\":\"Fataya Thon - Caro Traiteur - Meilleure P\u00e2tisserie de Thi\u00e8s\"},{\"@type\":\"BreadcrumbList\",\"@id\":\"https:\\\/\\\/www.caro-traiteur.com\\\/?product=fataya-thon#breadcrumb\",\"itemListElement\":[{\"@type\":\"ListItem\",\"position\":1,\"name\":\"Home\",\"item\":\"https:\\\/\\\/www.caro-traiteur.com\\\/\"},{\"@type\":\"ListItem\",\"position\":2,\"name\":\"P\u00e2tisserie\",\"item\":\"https:\\\/\\\/www.caro-traiteur.com\\\/?page_id=10\"},{\"@type\":\"ListItem\",\"position\":3,\"name\":\"Fataya thon\"}]},{\"@type\":\"WebSite\",\"@id\":\"https:\\\/\\\/www.caro-traiteur.com\\\/#website\",\"url\":\"https:\\\/\\\/www.caro-traiteur.com\\\/\",\"name\":\"Caro Traiteur\",\"description\":\"Votre partenaire saveur\",\"publisher\":{\"@id\":\"https:\\\/\\\/www.caro-traiteur.com\\\/#organization\"},\"potentialAction\":[{\"@type\":\"SearchAction\",\"target\":{\"@type\":\"EntryPoint\",\"urlTemplate\":\"https:\\\/\\\/www.caro-traiteur.com\\\/?s={search_term_string}\"},\"query-input\":{\"@type\":\"PropertyValueSpecification\",\"valueRequired\":true,\"valueName\":\"search_term_string\"}}],\"inLanguage\":\"fr-FR\"},{\"@type\":\"Organization\",\"@id\":\"https:\\\/\\\/www.caro-traiteur.com\\\/#organization\",\"name\":\"Caro Traiteur\",\"url\":\"https:\\\/\\\/www.caro-traiteur.com\\\/\",\"logo\":{\"@type\":\"ImageObject\",\"inLanguage\":\"fr-FR\",\"@id\":\"https:\\\/\\\/www.caro-traiteur.com\\\/#\\\/schema\\\/logo\\\/image\\\/\",\"url\":\"https:\\\/\\\/www.caro-traiteur.com\\\/wp-content\\\/uploads\\\/2023\\\/10\\\/cropped-cropped-Logo_Caro-Line-04.png\",\"contentUrl\":\"https:\\\/\\\/www.caro-traiteur.com\\\/wp-content\\\/uploads\\\/2023\\\/10\\\/cropped-cropped-Logo_Caro-Line-04.png\",\"width\":1806,\"height\":857,\"caption\":\"Caro Traiteur\"},\"image\":{\"@id\":\"https:\\\/\\\/www.caro-traiteur.com\\\/#\\\/schema\\\/logo\\\/image\\\/\"}}]}<\/script>\n<!-- \/ Yoast SEO plugin. -->","yoast_head_json":{"title":"Fataya thon - Caro Traiteur - La meilleure p\u00e2tisserie de Thi\u00e8s pour votre plaisir!","description":"Le fataya est un d\u00e9licieux\u00a0chausson farci tout comme son cousin : le pastel. Vous les appr\u00e9cierez davantage en les mangeant ti\u00e8de avec ou sans la sauce","robots":{"index":"index","follow":"follow","max-snippet":"max-snippet:-1","max-image-preview":"max-image-preview:large","max-video-preview":"max-video-preview:-1"},"canonical":"https:\/\/www.caro-traiteur.com\/?product=fataya-thon","og_locale":"fr_FR","og_type":"article","og_title":"Fataya - Caro Traiteur - La meilleure p\u00e2tisserie de Thi\u00e8s pour votre plaisir!","og_description":"Le fataya est un d\u00e9licieux\u00a0chausson farci tout comme son cousin : le pastel. Vous les appr\u00e9cierez davantage en les mangeant ti\u00e8de avec ou sans la sauce","og_url":"https:\/\/www.caro-traiteur.com\/?product=fataya-thon","og_site_name":"Caro Traiteur","article_modified_time":"2024-08-02T17:20:04+00:00","og_image":[{"width":376,"height":376,"url":"https:\/\/www.caro-traiteur.com\/wp-content\/uploads\/2024\/08\/Fataya-3-e1722619148501.jpeg","type":"image\/jpeg"}],"twitter_card":"summary_large_image","twitter_title":"Fataya - Caro Traiteur - La meilleure p\u00e2tisserie de Thi\u00e8s pour votre plaisir!","twitter_description":"Le fataya est un d\u00e9licieux\u00a0chausson farci tout comme son cousin : le pastel. Vous les appr\u00e9cierez davantage en les mangeant ti\u00e8de avec ou sans la sauce","twitter_image":"https:\/\/www.caro-traiteur.com\/wp-content\/uploads\/2024\/08\/Fataya-3-e1722619148501.jpeg","twitter_misc":{"Dur\u00e9e de lecture estim\u00e9e":"1 minute"},"schema":{"@context":"https:\/\/schema.org","@graph":[{"@type":"WebPage","@id":"https:\/\/www.caro-traiteur.com\/?product=fataya-thon","url":"https:\/\/www.caro-traiteur.com\/?product=fataya-thon","name":"Fataya thon - Caro Traiteur - La meilleure p\u00e2tisserie de Thi\u00e8s pour votre plaisir!","isPartOf":{"@id":"https:\/\/www.caro-traiteur.com\/#website"},"primaryImageOfPage":{"@id":"https:\/\/www.caro-traiteur.com\/?product=fataya-thon#primaryimage"},"image":{"@id":"https:\/\/www.caro-traiteur.com\/?product=fataya-thon#primaryimage"},"thumbnailUrl":"https:\/\/www.caro-traiteur.com\/wp-content\/uploads\/2024\/08\/Fataya-3-e1722619148501.jpeg","datePublished":"2024-08-02T17:16:19+00:00","dateModified":"2024-08-02T17:20:04+00:00","description":"Le fataya est un d\u00e9licieux\u00a0chausson farci tout comme son cousin : le pastel. Vous les appr\u00e9cierez davantage en les mangeant ti\u00e8de avec ou sans la sauce","breadcrumb":{"@id":"https:\/\/www.caro-traiteur.com\/?product=fataya-thon#breadcrumb"},"inLanguage":"fr-FR","potentialAction":[{"@type":"ReadAction","target":["https:\/\/www.caro-traiteur.com\/?product=fataya-thon"]}]},{"@type":"ImageObject","inLanguage":"fr-FR","@id":"https:\/\/www.caro-traiteur.com\/?product=fataya-thon#primaryimage","url":"https:\/\/www.caro-traiteur.com\/wp-content\/uploads\/2024\/08\/Fataya-3-e1722619148501.jpeg","contentUrl":"https:\/\/www.caro-traiteur.com\/wp-content\/uploads\/2024\/08\/Fataya-3-e1722619148501.jpeg","width":376,"height":376,"caption":"Fataya Thon - Caro Traiteur - Meilleure P\u00e2tisserie de Thi\u00e8s"},{"@type":"BreadcrumbList","@id":"https:\/\/www.caro-traiteur.com\/?product=fataya-thon#breadcrumb","itemListElement":[{"@type":"ListItem","position":1,"name":"Home","item":"https:\/\/www.caro-traiteur.com\/"},{"@type":"ListItem","position":2,"name":"P\u00e2tisserie","item":"https:\/\/www.caro-traiteur.com\/?page_id=10"},{"@type":"ListItem","position":3,"name":"Fataya thon"}]},{"@type":"WebSite","@id":"https:\/\/www.caro-traiteur.com\/#website","url":"https:\/\/www.caro-traiteur.com\/","name":"Caro Traiteur","description":"Votre partenaire saveur","publisher":{"@id":"https:\/\/www.caro-traiteur.com\/#organization"},"potentialAction":[{"@type":"SearchAction","target":{"@type":"EntryPoint","urlTemplate":"https:\/\/www.caro-traiteur.com\/?s={search_term_string}"},"query-input":{"@type":"PropertyValueSpecification","valueRequired":true,"valueName":"search_term_string"}}],"inLanguage":"fr-FR"},{"@type":"Organization","@id":"https:\/\/www.caro-traiteur.com\/#organization","name":"Caro Traiteur","url":"https:\/\/www.caro-traiteur.com\/","logo":{"@type":"ImageObject","inLanguage":"fr-FR","@id":"https:\/\/www.caro-traiteur.com\/#\/schema\/logo\/image\/","url":"https:\/\/www.caro-traiteur.com\/wp-content\/uploads\/2023\/10\/cropped-cropped-Logo_Caro-Line-04.png","contentUrl":"https:\/\/www.caro-traiteur.com\/wp-content\/uploads\/2023\/10\/cropped-cropped-Logo_Caro-Line-04.png","width":1806,"height":857,"caption":"Caro Traiteur"},"image":{"@id":"https:\/\/www.caro-traiteur.com\/#\/schema\/logo\/image\/"}}]}},"_links":{"self":[{"href":"https:\/\/www.caro-traiteur.com\/index.php?rest_route=\/wp\/v2\/product\/6886","targetHints":{"allow":["GET"]}}],"collection":[{"href":"https:\/\/www.caro-traiteur.com\/index.php?rest_route=\/wp\/v2\/product"}],"about":[{"href":"https:\/\/www.caro-traiteur.com\/index.php?rest_route=\/wp\/v2\/types\/product"}],"replies":[{"embeddable":true,"href":"https:\/\/www.caro-traiteur.com\/index.php?rest_route=%2Fwp%2Fv2%2Fcomments&post=6886"}],"wp:featuredmedia":[{"embeddable":true,"href":"https:\/\/www.caro-traiteur.com\/index.php?rest_route=\/wp\/v2\/media\/6887"}],"wp:attachment":[{"href":"https:\/\/www.caro-traiteur.com\/index.php?rest_route=%2Fwp%2Fv2%2Fmedia&parent=6886"}],"wp:term":[{"taxonomy":"product_brand","embeddable":true,"href":"https:\/\/www.caro-traiteur.com\/index.php?rest_route=%2Fwp%2Fv2%2Fproduct_brand&post=6886"},{"taxonomy":"product_cat","embeddable":true,"href":"https:\/\/www.caro-traiteur.com\/index.php?rest_route=%2Fwp%2Fv2%2Fproduct_cat&post=6886"},{"taxonomy":"product_tag","embeddable":true,"href":"https:\/\/www.caro-traiteur.com\/index.php?rest_route=%2Fwp%2Fv2%2Fproduct_tag&post=6886"}],"curies":[{"name":"wp","href":"https:\/\/api.w.org\/{rel}","templated":true}]}}