{"id":6892,"date":"2024-08-02T20:23:51","date_gmt":"2024-08-02T18:23:51","guid":{"rendered":"https:\/\/caro-traiteur.com\/?post_type=product&#038;p=6892"},"modified":"2025-07-30T10:56:28","modified_gmt":"2025-07-30T10:56:28","slug":"gateaux","status":"publish","type":"product","link":"https:\/\/www.caro-traiteur.com\/?product=gateaux","title":{"rendered":"G\u00e2teaux de 8.000F \u00e0 50.000F"},"content":{"rendered":"<p>Un g\u00e2teau est une p\u00e2tisserie pr\u00e9par\u00e9e \u00e0 partir d&rsquo;une p\u00e2te sucr\u00e9e cuite au four g\u00e9n\u00e9ralement dans un moule1. Cette p\u00e2te est pr\u00e9par\u00e9e \u00e0 partir de farine, de beurre et d\u2019\u0153ufs. Le g\u00e2teau peut \u00eatre garni de cr\u00e8me, de fruits, de chocolat ou de gla\u00e7age.<\/p>\n<blockquote><p><strong>Passez votre commande de G\u00e2teau 24 heures avant la livraison.<\/strong><\/p><\/blockquote>\n","protected":false},"excerpt":{"rendered":"<p>g\u00e2teaux :<\/p>\n<ul>\n<li>G\u00e9noise,<\/li>\n<li>Cr\u00e8me \u00e0 choix multiple<\/li>\n<li>Avec des prix qui varient de 8.000F \u00e0 50.000F<\/li>\n<\/ul>\n<blockquote><p><strong>Passez votre commande de G\u00e2teau 24 heures avant la livraison.<\/strong><\/p><\/blockquote>\n","protected":false},"featured_media":6893,"comment_status":"open","ping_status":"closed","template":"","meta":{"om_disable_all_campaigns":false,"_monsterinsights_skip_tracking":false,"_monsterinsights_sitenote_active":false,"_monsterinsights_sitenote_note":"","_monsterinsights_sitenote_category":0,"_uf_show_specific_survey":0,"_uf_disable_surveys":false},"product_brand":[],"product_cat":[68],"product_tag":[126,125],"class_list":{"0":"post-6892","1":"product","2":"type-product","3":"status-publish","4":"has-post-thumbnail","6":"product_cat-gateaux","7":"product_tag-creme","8":"product_tag-gateaux","10":"first","11":"instock","12":"shipping-taxable","13":"purchasable","14":"product-type-simple"},"yoast_head":"<!-- This site is optimized with the Yoast SEO plugin v27.5 - https:\/\/yoast.com\/product\/yoast-seo-wordpress\/ -->\n<title>G\u00e2teaux de 8.000F \u00e0 50.000F - Caro Traiteur - La meilleure p\u00e2tisserie de Thi\u00e8s rien que pour vous faire<\/title>\n<meta name=\"description\" content=\"Un g\u00e2teau est une p\u00e2tisserie pr\u00e9par\u00e9e \u00e0 partir d&#039;une p\u00e2te sucr\u00e9e cuite au four g\u00e9n\u00e9ralement dans un moule. Nos g\u00e2teaux sont meilleurs que Croissant Magique!\" \/>\n<meta name=\"robots\" content=\"index, follow, max-snippet:-1, max-image-preview:large, max-video-preview:-1\" \/>\n<link rel=\"canonical\" href=\"https:\/\/www.caro-traiteur.com\/?product=gateaux\" \/>\n<meta property=\"og:locale\" content=\"fr_FR\" \/>\n<meta property=\"og:type\" content=\"article\" \/>\n<meta property=\"og:title\" content=\"G\u00e2teaux de 8.000F \u00e0 50.000F - Caro Traiteur - La meilleure p\u00e2tisserie de Thi\u00e8s pour vous faire\" \/>\n<meta property=\"og:description\" content=\"Un g\u00e2teau est une p\u00e2tisserie pr\u00e9par\u00e9e \u00e0 partir d&#039;une p\u00e2te sucr\u00e9e cuite au four g\u00e9n\u00e9ralement dans un moule. Nos g\u00e2teaux sont meilleurs que Croissant Magique!\" \/>\n<meta property=\"og:url\" content=\"https:\/\/www.caro-traiteur.com\/?product=gateaux\" \/>\n<meta property=\"og:site_name\" content=\"Caro Traiteur\" \/>\n<meta property=\"article:modified_time\" content=\"2025-07-30T10:56:28+00:00\" \/>\n<meta property=\"og:image\" content=\"https:\/\/www.caro-traiteur.com\/wp-content\/uploads\/2024\/08\/Produit-Caro-T_Plan-de-travail-20.png\" \/>\n\t<meta property=\"og:image:width\" content=\"4167\" \/>\n\t<meta property=\"og:image:height\" content=\"4167\" \/>\n\t<meta property=\"og:image:type\" content=\"image\/png\" \/>\n<meta name=\"twitter:card\" content=\"summary_large_image\" \/>\n<meta name=\"twitter:title\" content=\"G\u00e2teaux de 8.000F \u00e0 50.000F - Caro Traiteur - La meilleure p\u00e2tisserie de Thi\u00e8s pour vous faire\" \/>\n<meta name=\"twitter:description\" content=\"Un g\u00e2teau est une p\u00e2tisserie pr\u00e9par\u00e9e \u00e0 partir d&#039;une p\u00e2te sucr\u00e9e cuite au four g\u00e9n\u00e9ralement dans un moule. Nos g\u00e2teaux sont meilleurs que Croissant Magique!\" \/>\n<meta name=\"twitter:image\" content=\"https:\/\/www.caro-traiteur.com\/wp-content\/uploads\/2024\/08\/Produit-Caro-T_Plan-de-travail-20.png\" \/>\n<meta name=\"twitter:label1\" content=\"Dur\u00e9e de lecture estim\u00e9e\" \/>\n\t<meta name=\"twitter:data1\" content=\"1 minute\" \/>\n<script type=\"application\/ld+json\" class=\"yoast-schema-graph\">{\"@context\":\"https:\\\/\\\/schema.org\",\"@graph\":[{\"@type\":\"WebPage\",\"@id\":\"https:\\\/\\\/www.caro-traiteur.com\\\/?product=gateaux\",\"url\":\"https:\\\/\\\/www.caro-traiteur.com\\\/?product=gateaux\",\"name\":\"G\u00e2teaux de 8.000F \u00e0 50.000F - Caro Traiteur - La meilleure p\u00e2tisserie de Thi\u00e8s rien que pour vous faire\",\"isPartOf\":{\"@id\":\"https:\\\/\\\/www.caro-traiteur.com\\\/#website\"},\"primaryImageOfPage\":{\"@id\":\"https:\\\/\\\/www.caro-traiteur.com\\\/?product=gateaux#primaryimage\"},\"image\":{\"@id\":\"https:\\\/\\\/www.caro-traiteur.com\\\/?product=gateaux#primaryimage\"},\"thumbnailUrl\":\"https:\\\/\\\/www.caro-traiteur.com\\\/wp-content\\\/uploads\\\/2024\\\/08\\\/Produit-Caro-T_Plan-de-travail-20.png\",\"datePublished\":\"2024-08-02T18:23:51+00:00\",\"dateModified\":\"2025-07-30T10:56:28+00:00\",\"description\":\"Un g\u00e2teau est une p\u00e2tisserie pr\u00e9par\u00e9e \u00e0 partir d'une p\u00e2te sucr\u00e9e cuite au four g\u00e9n\u00e9ralement dans un moule. Nos g\u00e2teaux sont meilleurs que Croissant Magique!\",\"breadcrumb\":{\"@id\":\"https:\\\/\\\/www.caro-traiteur.com\\\/?product=gateaux#breadcrumb\"},\"inLanguage\":\"fr-FR\",\"potentialAction\":[{\"@type\":\"ReadAction\",\"target\":[\"https:\\\/\\\/www.caro-traiteur.com\\\/?product=gateaux\"]}]},{\"@type\":\"ImageObject\",\"inLanguage\":\"fr-FR\",\"@id\":\"https:\\\/\\\/www.caro-traiteur.com\\\/?product=gateaux#primaryimage\",\"url\":\"https:\\\/\\\/www.caro-traiteur.com\\\/wp-content\\\/uploads\\\/2024\\\/08\\\/Produit-Caro-T_Plan-de-travail-20.png\",\"contentUrl\":\"https:\\\/\\\/www.caro-traiteur.com\\\/wp-content\\\/uploads\\\/2024\\\/08\\\/Produit-Caro-T_Plan-de-travail-20.png\",\"width\":4167,\"height\":4167,\"caption\":\"G\u00e2teaux - Caro Traiteur - Meilleure P\u00e2tisserie de Thi\u00e8s\"},{\"@type\":\"BreadcrumbList\",\"@id\":\"https:\\\/\\\/www.caro-traiteur.com\\\/?product=gateaux#breadcrumb\",\"itemListElement\":[{\"@type\":\"ListItem\",\"position\":1,\"name\":\"Home\",\"item\":\"https:\\\/\\\/www.caro-traiteur.com\\\/\"},{\"@type\":\"ListItem\",\"position\":2,\"name\":\"P\u00e2tisserie\",\"item\":\"https:\\\/\\\/www.caro-traiteur.com\\\/?page_id=10\"},{\"@type\":\"ListItem\",\"position\":3,\"name\":\"G\u00e2teaux de 8.000F \u00e0 50.000F\"}]},{\"@type\":\"WebSite\",\"@id\":\"https:\\\/\\\/www.caro-traiteur.com\\\/#website\",\"url\":\"https:\\\/\\\/www.caro-traiteur.com\\\/\",\"name\":\"Caro Traiteur\",\"description\":\"Votre partenaire saveur\",\"publisher\":{\"@id\":\"https:\\\/\\\/www.caro-traiteur.com\\\/#organization\"},\"potentialAction\":[{\"@type\":\"SearchAction\",\"target\":{\"@type\":\"EntryPoint\",\"urlTemplate\":\"https:\\\/\\\/www.caro-traiteur.com\\\/?s={search_term_string}\"},\"query-input\":{\"@type\":\"PropertyValueSpecification\",\"valueRequired\":true,\"valueName\":\"search_term_string\"}}],\"inLanguage\":\"fr-FR\"},{\"@type\":\"Organization\",\"@id\":\"https:\\\/\\\/www.caro-traiteur.com\\\/#organization\",\"name\":\"Caro Traiteur\",\"url\":\"https:\\\/\\\/www.caro-traiteur.com\\\/\",\"logo\":{\"@type\":\"ImageObject\",\"inLanguage\":\"fr-FR\",\"@id\":\"https:\\\/\\\/www.caro-traiteur.com\\\/#\\\/schema\\\/logo\\\/image\\\/\",\"url\":\"https:\\\/\\\/www.caro-traiteur.com\\\/wp-content\\\/uploads\\\/2023\\\/10\\\/cropped-cropped-Logo_Caro-Line-04.png\",\"contentUrl\":\"https:\\\/\\\/www.caro-traiteur.com\\\/wp-content\\\/uploads\\\/2023\\\/10\\\/cropped-cropped-Logo_Caro-Line-04.png\",\"width\":1806,\"height\":857,\"caption\":\"Caro Traiteur\"},\"image\":{\"@id\":\"https:\\\/\\\/www.caro-traiteur.com\\\/#\\\/schema\\\/logo\\\/image\\\/\"}}]}<\/script>\n<!-- \/ Yoast SEO plugin. -->","yoast_head_json":{"title":"G\u00e2teaux de 8.000F \u00e0 50.000F - Caro Traiteur - La meilleure p\u00e2tisserie de Thi\u00e8s rien que pour vous faire","description":"Un g\u00e2teau est une p\u00e2tisserie pr\u00e9par\u00e9e \u00e0 partir d'une p\u00e2te sucr\u00e9e cuite au four g\u00e9n\u00e9ralement dans un moule. Nos g\u00e2teaux sont meilleurs que Croissant Magique!","robots":{"index":"index","follow":"follow","max-snippet":"max-snippet:-1","max-image-preview":"max-image-preview:large","max-video-preview":"max-video-preview:-1"},"canonical":"https:\/\/www.caro-traiteur.com\/?product=gateaux","og_locale":"fr_FR","og_type":"article","og_title":"G\u00e2teaux de 8.000F \u00e0 50.000F - Caro Traiteur - La meilleure p\u00e2tisserie de Thi\u00e8s pour vous faire","og_description":"Un g\u00e2teau est une p\u00e2tisserie pr\u00e9par\u00e9e \u00e0 partir d'une p\u00e2te sucr\u00e9e cuite au four g\u00e9n\u00e9ralement dans un moule. Nos g\u00e2teaux sont meilleurs que Croissant Magique!","og_url":"https:\/\/www.caro-traiteur.com\/?product=gateaux","og_site_name":"Caro Traiteur","article_modified_time":"2025-07-30T10:56:28+00:00","og_image":[{"width":4167,"height":4167,"url":"https:\/\/www.caro-traiteur.com\/wp-content\/uploads\/2024\/08\/Produit-Caro-T_Plan-de-travail-20.png","type":"image\/png"}],"twitter_card":"summary_large_image","twitter_title":"G\u00e2teaux de 8.000F \u00e0 50.000F - Caro Traiteur - La meilleure p\u00e2tisserie de Thi\u00e8s pour vous faire","twitter_description":"Un g\u00e2teau est une p\u00e2tisserie pr\u00e9par\u00e9e \u00e0 partir d'une p\u00e2te sucr\u00e9e cuite au four g\u00e9n\u00e9ralement dans un moule. Nos g\u00e2teaux sont meilleurs que Croissant Magique!","twitter_image":"https:\/\/www.caro-traiteur.com\/wp-content\/uploads\/2024\/08\/Produit-Caro-T_Plan-de-travail-20.png","twitter_misc":{"Dur\u00e9e de lecture estim\u00e9e":"1 minute"},"schema":{"@context":"https:\/\/schema.org","@graph":[{"@type":"WebPage","@id":"https:\/\/www.caro-traiteur.com\/?product=gateaux","url":"https:\/\/www.caro-traiteur.com\/?product=gateaux","name":"G\u00e2teaux de 8.000F \u00e0 50.000F - Caro Traiteur - La meilleure p\u00e2tisserie de Thi\u00e8s rien que pour vous faire","isPartOf":{"@id":"https:\/\/www.caro-traiteur.com\/#website"},"primaryImageOfPage":{"@id":"https:\/\/www.caro-traiteur.com\/?product=gateaux#primaryimage"},"image":{"@id":"https:\/\/www.caro-traiteur.com\/?product=gateaux#primaryimage"},"thumbnailUrl":"https:\/\/www.caro-traiteur.com\/wp-content\/uploads\/2024\/08\/Produit-Caro-T_Plan-de-travail-20.png","datePublished":"2024-08-02T18:23:51+00:00","dateModified":"2025-07-30T10:56:28+00:00","description":"Un g\u00e2teau est une p\u00e2tisserie pr\u00e9par\u00e9e \u00e0 partir d'une p\u00e2te sucr\u00e9e cuite au four g\u00e9n\u00e9ralement dans un moule. Nos g\u00e2teaux sont meilleurs que Croissant Magique!","breadcrumb":{"@id":"https:\/\/www.caro-traiteur.com\/?product=gateaux#breadcrumb"},"inLanguage":"fr-FR","potentialAction":[{"@type":"ReadAction","target":["https:\/\/www.caro-traiteur.com\/?product=gateaux"]}]},{"@type":"ImageObject","inLanguage":"fr-FR","@id":"https:\/\/www.caro-traiteur.com\/?product=gateaux#primaryimage","url":"https:\/\/www.caro-traiteur.com\/wp-content\/uploads\/2024\/08\/Produit-Caro-T_Plan-de-travail-20.png","contentUrl":"https:\/\/www.caro-traiteur.com\/wp-content\/uploads\/2024\/08\/Produit-Caro-T_Plan-de-travail-20.png","width":4167,"height":4167,"caption":"G\u00e2teaux - Caro Traiteur - Meilleure P\u00e2tisserie de Thi\u00e8s"},{"@type":"BreadcrumbList","@id":"https:\/\/www.caro-traiteur.com\/?product=gateaux#breadcrumb","itemListElement":[{"@type":"ListItem","position":1,"name":"Home","item":"https:\/\/www.caro-traiteur.com\/"},{"@type":"ListItem","position":2,"name":"P\u00e2tisserie","item":"https:\/\/www.caro-traiteur.com\/?page_id=10"},{"@type":"ListItem","position":3,"name":"G\u00e2teaux de 8.000F \u00e0 50.000F"}]},{"@type":"WebSite","@id":"https:\/\/www.caro-traiteur.com\/#website","url":"https:\/\/www.caro-traiteur.com\/","name":"Caro Traiteur","description":"Votre partenaire saveur","publisher":{"@id":"https:\/\/www.caro-traiteur.com\/#organization"},"potentialAction":[{"@type":"SearchAction","target":{"@type":"EntryPoint","urlTemplate":"https:\/\/www.caro-traiteur.com\/?s={search_term_string}"},"query-input":{"@type":"PropertyValueSpecification","valueRequired":true,"valueName":"search_term_string"}}],"inLanguage":"fr-FR"},{"@type":"Organization","@id":"https:\/\/www.caro-traiteur.com\/#organization","name":"Caro Traiteur","url":"https:\/\/www.caro-traiteur.com\/","logo":{"@type":"ImageObject","inLanguage":"fr-FR","@id":"https:\/\/www.caro-traiteur.com\/#\/schema\/logo\/image\/","url":"https:\/\/www.caro-traiteur.com\/wp-content\/uploads\/2023\/10\/cropped-cropped-Logo_Caro-Line-04.png","contentUrl":"https:\/\/www.caro-traiteur.com\/wp-content\/uploads\/2023\/10\/cropped-cropped-Logo_Caro-Line-04.png","width":1806,"height":857,"caption":"Caro Traiteur"},"image":{"@id":"https:\/\/www.caro-traiteur.com\/#\/schema\/logo\/image\/"}}]}},"_links":{"self":[{"href":"https:\/\/www.caro-traiteur.com\/index.php?rest_route=\/wp\/v2\/product\/6892","targetHints":{"allow":["GET"]}}],"collection":[{"href":"https:\/\/www.caro-traiteur.com\/index.php?rest_route=\/wp\/v2\/product"}],"about":[{"href":"https:\/\/www.caro-traiteur.com\/index.php?rest_route=\/wp\/v2\/types\/product"}],"replies":[{"embeddable":true,"href":"https:\/\/www.caro-traiteur.com\/index.php?rest_route=%2Fwp%2Fv2%2Fcomments&post=6892"}],"wp:featuredmedia":[{"embeddable":true,"href":"https:\/\/www.caro-traiteur.com\/index.php?rest_route=\/wp\/v2\/media\/6893"}],"wp:attachment":[{"href":"https:\/\/www.caro-traiteur.com\/index.php?rest_route=%2Fwp%2Fv2%2Fmedia&parent=6892"}],"wp:term":[{"taxonomy":"product_brand","embeddable":true,"href":"https:\/\/www.caro-traiteur.com\/index.php?rest_route=%2Fwp%2Fv2%2Fproduct_brand&post=6892"},{"taxonomy":"product_cat","embeddable":true,"href":"https:\/\/www.caro-traiteur.com\/index.php?rest_route=%2Fwp%2Fv2%2Fproduct_cat&post=6892"},{"taxonomy":"product_tag","embeddable":true,"href":"https:\/\/www.caro-traiteur.com\/index.php?rest_route=%2Fwp%2Fv2%2Fproduct_tag&post=6892"}],"curies":[{"name":"wp","href":"https:\/\/api.w.org\/{rel}","templated":true}]}}