{"id":6910,"date":"2024-08-03T16:04:12","date_gmt":"2024-08-03T14:04:12","guid":{"rendered":"https:\/\/caro-traiteur.com\/?post_type=product&#038;p=6910"},"modified":"2024-08-03T16:04:13","modified_gmt":"2024-08-03T14:04:13","slug":"poulet-entier","status":"publish","type":"product","link":"https:\/\/www.caro-traiteur.com\/?product=poulet-entier","title":{"rendered":"Poulet entier"},"content":{"rendered":"<p>D\u00e9couvrez cette d\u00e9licieuse recette de\u00a0<strong>poulet entier<\/strong> \u00e0 la cr\u00e8me \u00e0 faire cuire au four. Une recette sp\u00e9ciale chez Caro Traiteur, votre partenaire saveur.<\/p>\n","protected":false},"excerpt":{"rendered":"<p>Poulet entier :<\/p>\n<ul>\n<li>Poulet,<\/li>\n<li>Condiment<\/li>\n<\/ul>\n","protected":false},"featured_media":6911,"comment_status":"open","ping_status":"closed","template":"","meta":{"om_disable_all_campaigns":false,"_monsterinsights_skip_tracking":false,"_monsterinsights_sitenote_active":false,"_monsterinsights_sitenote_note":"","_monsterinsights_sitenote_category":0,"_uf_show_specific_survey":0,"_uf_disable_surveys":false},"product_brand":[],"product_cat":[60,61],"product_tag":[117,98],"class_list":{"0":"post-6910","1":"product","2":"type-product","3":"status-publish","4":"has-post-thumbnail","6":"product_cat-dibi","7":"product_cat-mechoui","8":"product_tag-entier","9":"product_tag-poulet","11":"first","12":"instock","13":"shipping-taxable","14":"purchasable","15":"product-type-simple"},"yoast_head":"<!-- This site is optimized with the Yoast SEO plugin v27.5 - https:\/\/yoast.com\/product\/yoast-seo-wordpress\/ -->\n<title>Poulet entier - Caro Traiteur - La meilleure cuisine de Thi\u00e8s pour votre plaisir.<\/title>\n<meta name=\"description\" content=\"D\u00e9couvrez cette d\u00e9licieuse recette de\u00a0poulet entier \u00e0 la cr\u00e8me \u00e0 faire cuire au four. Une recette sp\u00e9ciale chez Caro Traiteur, votre partenaire saveur.\" \/>\n<meta name=\"robots\" content=\"index, follow, max-snippet:-1, max-image-preview:large, max-video-preview:-1\" \/>\n<link rel=\"canonical\" href=\"https:\/\/www.caro-traiteur.com\/?product=poulet-entier\" \/>\n<meta property=\"og:locale\" content=\"fr_FR\" \/>\n<meta property=\"og:type\" content=\"article\" \/>\n<meta property=\"og:title\" content=\"Poulet entier - Caro Traiteur - La meilleure cuisine de Thi\u00e8s pour votre plaisir.\" \/>\n<meta property=\"og:description\" content=\"D\u00e9couvrez cette d\u00e9licieuse recette de\u00a0poulet entier \u00e0 la cr\u00e8me \u00e0 faire cuire au four. Une recette sp\u00e9ciale chez Caro Traiteur, votre partenaire saveur.\" \/>\n<meta property=\"og:url\" content=\"https:\/\/www.caro-traiteur.com\/?product=poulet-entier\" \/>\n<meta property=\"og:site_name\" content=\"Caro Traiteur\" \/>\n<meta property=\"article:modified_time\" content=\"2024-08-03T14:04:13+00:00\" \/>\n<meta property=\"og:image\" content=\"https:\/\/www.caro-traiteur.com\/wp-content\/uploads\/2024\/08\/Poulet-2-e1722693685349.jpeg\" \/>\n\t<meta property=\"og:image:width\" content=\"562\" \/>\n\t<meta property=\"og:image:height\" content=\"562\" \/>\n\t<meta property=\"og:image:type\" content=\"image\/jpeg\" \/>\n<meta name=\"twitter:card\" content=\"summary_large_image\" \/>\n<meta name=\"twitter:title\" content=\"Poulet entier - Caro Traiteur - La meilleure cuisine de Thi\u00e8s pour votre plaisir.\" \/>\n<meta name=\"twitter:description\" content=\"D\u00e9couvrez cette d\u00e9licieuse recette de\u00a0poulet entier \u00e0 la cr\u00e8me \u00e0 faire cuire au four. Une recette sp\u00e9ciale chez Caro Traiteur, votre partenaire saveur.\" \/>\n<meta name=\"twitter:image\" content=\"https:\/\/www.caro-traiteur.com\/wp-content\/uploads\/2024\/08\/Poulet-2-e1722693685349.jpeg\" \/>\n<meta name=\"twitter:label1\" content=\"Dur\u00e9e de lecture estim\u00e9e\" \/>\n\t<meta name=\"twitter:data1\" content=\"1 minute\" \/>\n<script type=\"application\/ld+json\" class=\"yoast-schema-graph\">{\"@context\":\"https:\\\/\\\/schema.org\",\"@graph\":[{\"@type\":\"WebPage\",\"@id\":\"https:\\\/\\\/www.caro-traiteur.com\\\/?product=poulet-entier\",\"url\":\"https:\\\/\\\/www.caro-traiteur.com\\\/?product=poulet-entier\",\"name\":\"Poulet entier - Caro Traiteur - La meilleure cuisine de Thi\u00e8s pour votre plaisir.\",\"isPartOf\":{\"@id\":\"https:\\\/\\\/www.caro-traiteur.com\\\/#website\"},\"primaryImageOfPage\":{\"@id\":\"https:\\\/\\\/www.caro-traiteur.com\\\/?product=poulet-entier#primaryimage\"},\"image\":{\"@id\":\"https:\\\/\\\/www.caro-traiteur.com\\\/?product=poulet-entier#primaryimage\"},\"thumbnailUrl\":\"https:\\\/\\\/www.caro-traiteur.com\\\/wp-content\\\/uploads\\\/2024\\\/08\\\/Poulet-2-e1722693685349.jpeg\",\"datePublished\":\"2024-08-03T14:04:12+00:00\",\"dateModified\":\"2024-08-03T14:04:13+00:00\",\"description\":\"D\u00e9couvrez cette d\u00e9licieuse recette de\u00a0poulet entier \u00e0 la cr\u00e8me \u00e0 faire cuire au four. Une recette sp\u00e9ciale chez Caro Traiteur, votre partenaire saveur.\",\"breadcrumb\":{\"@id\":\"https:\\\/\\\/www.caro-traiteur.com\\\/?product=poulet-entier#breadcrumb\"},\"inLanguage\":\"fr-FR\",\"potentialAction\":[{\"@type\":\"ReadAction\",\"target\":[\"https:\\\/\\\/www.caro-traiteur.com\\\/?product=poulet-entier\"]}]},{\"@type\":\"ImageObject\",\"inLanguage\":\"fr-FR\",\"@id\":\"https:\\\/\\\/www.caro-traiteur.com\\\/?product=poulet-entier#primaryimage\",\"url\":\"https:\\\/\\\/www.caro-traiteur.com\\\/wp-content\\\/uploads\\\/2024\\\/08\\\/Poulet-2-e1722693685349.jpeg\",\"contentUrl\":\"https:\\\/\\\/www.caro-traiteur.com\\\/wp-content\\\/uploads\\\/2024\\\/08\\\/Poulet-2-e1722693685349.jpeg\",\"width\":562,\"height\":562,\"caption\":\"Poulet - Caro Traiteur - La Meilleure P\u00e2tisserie de Thi\u00e8s\"},{\"@type\":\"BreadcrumbList\",\"@id\":\"https:\\\/\\\/www.caro-traiteur.com\\\/?product=poulet-entier#breadcrumb\",\"itemListElement\":[{\"@type\":\"ListItem\",\"position\":1,\"name\":\"Home\",\"item\":\"https:\\\/\\\/www.caro-traiteur.com\\\/\"},{\"@type\":\"ListItem\",\"position\":2,\"name\":\"P\u00e2tisserie\",\"item\":\"https:\\\/\\\/www.caro-traiteur.com\\\/?page_id=10\"},{\"@type\":\"ListItem\",\"position\":3,\"name\":\"Poulet entier\"}]},{\"@type\":\"WebSite\",\"@id\":\"https:\\\/\\\/www.caro-traiteur.com\\\/#website\",\"url\":\"https:\\\/\\\/www.caro-traiteur.com\\\/\",\"name\":\"Caro Traiteur\",\"description\":\"Votre partenaire saveur\",\"publisher\":{\"@id\":\"https:\\\/\\\/www.caro-traiteur.com\\\/#organization\"},\"potentialAction\":[{\"@type\":\"SearchAction\",\"target\":{\"@type\":\"EntryPoint\",\"urlTemplate\":\"https:\\\/\\\/www.caro-traiteur.com\\\/?s={search_term_string}\"},\"query-input\":{\"@type\":\"PropertyValueSpecification\",\"valueRequired\":true,\"valueName\":\"search_term_string\"}}],\"inLanguage\":\"fr-FR\"},{\"@type\":\"Organization\",\"@id\":\"https:\\\/\\\/www.caro-traiteur.com\\\/#organization\",\"name\":\"Caro Traiteur\",\"url\":\"https:\\\/\\\/www.caro-traiteur.com\\\/\",\"logo\":{\"@type\":\"ImageObject\",\"inLanguage\":\"fr-FR\",\"@id\":\"https:\\\/\\\/www.caro-traiteur.com\\\/#\\\/schema\\\/logo\\\/image\\\/\",\"url\":\"https:\\\/\\\/www.caro-traiteur.com\\\/wp-content\\\/uploads\\\/2023\\\/10\\\/cropped-cropped-Logo_Caro-Line-04.png\",\"contentUrl\":\"https:\\\/\\\/www.caro-traiteur.com\\\/wp-content\\\/uploads\\\/2023\\\/10\\\/cropped-cropped-Logo_Caro-Line-04.png\",\"width\":1806,\"height\":857,\"caption\":\"Caro Traiteur\"},\"image\":{\"@id\":\"https:\\\/\\\/www.caro-traiteur.com\\\/#\\\/schema\\\/logo\\\/image\\\/\"}}]}<\/script>\n<!-- \/ Yoast SEO plugin. -->","yoast_head_json":{"title":"Poulet entier - Caro Traiteur - La meilleure cuisine de Thi\u00e8s pour votre plaisir.","description":"D\u00e9couvrez cette d\u00e9licieuse recette de\u00a0poulet entier \u00e0 la cr\u00e8me \u00e0 faire cuire au four. Une recette sp\u00e9ciale chez Caro Traiteur, votre partenaire saveur.","robots":{"index":"index","follow":"follow","max-snippet":"max-snippet:-1","max-image-preview":"max-image-preview:large","max-video-preview":"max-video-preview:-1"},"canonical":"https:\/\/www.caro-traiteur.com\/?product=poulet-entier","og_locale":"fr_FR","og_type":"article","og_title":"Poulet entier - Caro Traiteur - La meilleure cuisine de Thi\u00e8s pour votre plaisir.","og_description":"D\u00e9couvrez cette d\u00e9licieuse recette de\u00a0poulet entier \u00e0 la cr\u00e8me \u00e0 faire cuire au four. Une recette sp\u00e9ciale chez Caro Traiteur, votre partenaire saveur.","og_url":"https:\/\/www.caro-traiteur.com\/?product=poulet-entier","og_site_name":"Caro Traiteur","article_modified_time":"2024-08-03T14:04:13+00:00","og_image":[{"width":562,"height":562,"url":"https:\/\/www.caro-traiteur.com\/wp-content\/uploads\/2024\/08\/Poulet-2-e1722693685349.jpeg","type":"image\/jpeg"}],"twitter_card":"summary_large_image","twitter_title":"Poulet entier - Caro Traiteur - La meilleure cuisine de Thi\u00e8s pour votre plaisir.","twitter_description":"D\u00e9couvrez cette d\u00e9licieuse recette de\u00a0poulet entier \u00e0 la cr\u00e8me \u00e0 faire cuire au four. Une recette sp\u00e9ciale chez Caro Traiteur, votre partenaire saveur.","twitter_image":"https:\/\/www.caro-traiteur.com\/wp-content\/uploads\/2024\/08\/Poulet-2-e1722693685349.jpeg","twitter_misc":{"Dur\u00e9e de lecture estim\u00e9e":"1 minute"},"schema":{"@context":"https:\/\/schema.org","@graph":[{"@type":"WebPage","@id":"https:\/\/www.caro-traiteur.com\/?product=poulet-entier","url":"https:\/\/www.caro-traiteur.com\/?product=poulet-entier","name":"Poulet entier - Caro Traiteur - La meilleure cuisine de Thi\u00e8s pour votre plaisir.","isPartOf":{"@id":"https:\/\/www.caro-traiteur.com\/#website"},"primaryImageOfPage":{"@id":"https:\/\/www.caro-traiteur.com\/?product=poulet-entier#primaryimage"},"image":{"@id":"https:\/\/www.caro-traiteur.com\/?product=poulet-entier#primaryimage"},"thumbnailUrl":"https:\/\/www.caro-traiteur.com\/wp-content\/uploads\/2024\/08\/Poulet-2-e1722693685349.jpeg","datePublished":"2024-08-03T14:04:12+00:00","dateModified":"2024-08-03T14:04:13+00:00","description":"D\u00e9couvrez cette d\u00e9licieuse recette de\u00a0poulet entier \u00e0 la cr\u00e8me \u00e0 faire cuire au four. Une recette sp\u00e9ciale chez Caro Traiteur, votre partenaire saveur.","breadcrumb":{"@id":"https:\/\/www.caro-traiteur.com\/?product=poulet-entier#breadcrumb"},"inLanguage":"fr-FR","potentialAction":[{"@type":"ReadAction","target":["https:\/\/www.caro-traiteur.com\/?product=poulet-entier"]}]},{"@type":"ImageObject","inLanguage":"fr-FR","@id":"https:\/\/www.caro-traiteur.com\/?product=poulet-entier#primaryimage","url":"https:\/\/www.caro-traiteur.com\/wp-content\/uploads\/2024\/08\/Poulet-2-e1722693685349.jpeg","contentUrl":"https:\/\/www.caro-traiteur.com\/wp-content\/uploads\/2024\/08\/Poulet-2-e1722693685349.jpeg","width":562,"height":562,"caption":"Poulet - Caro Traiteur - La Meilleure P\u00e2tisserie de Thi\u00e8s"},{"@type":"BreadcrumbList","@id":"https:\/\/www.caro-traiteur.com\/?product=poulet-entier#breadcrumb","itemListElement":[{"@type":"ListItem","position":1,"name":"Home","item":"https:\/\/www.caro-traiteur.com\/"},{"@type":"ListItem","position":2,"name":"P\u00e2tisserie","item":"https:\/\/www.caro-traiteur.com\/?page_id=10"},{"@type":"ListItem","position":3,"name":"Poulet entier"}]},{"@type":"WebSite","@id":"https:\/\/www.caro-traiteur.com\/#website","url":"https:\/\/www.caro-traiteur.com\/","name":"Caro Traiteur","description":"Votre partenaire saveur","publisher":{"@id":"https:\/\/www.caro-traiteur.com\/#organization"},"potentialAction":[{"@type":"SearchAction","target":{"@type":"EntryPoint","urlTemplate":"https:\/\/www.caro-traiteur.com\/?s={search_term_string}"},"query-input":{"@type":"PropertyValueSpecification","valueRequired":true,"valueName":"search_term_string"}}],"inLanguage":"fr-FR"},{"@type":"Organization","@id":"https:\/\/www.caro-traiteur.com\/#organization","name":"Caro Traiteur","url":"https:\/\/www.caro-traiteur.com\/","logo":{"@type":"ImageObject","inLanguage":"fr-FR","@id":"https:\/\/www.caro-traiteur.com\/#\/schema\/logo\/image\/","url":"https:\/\/www.caro-traiteur.com\/wp-content\/uploads\/2023\/10\/cropped-cropped-Logo_Caro-Line-04.png","contentUrl":"https:\/\/www.caro-traiteur.com\/wp-content\/uploads\/2023\/10\/cropped-cropped-Logo_Caro-Line-04.png","width":1806,"height":857,"caption":"Caro Traiteur"},"image":{"@id":"https:\/\/www.caro-traiteur.com\/#\/schema\/logo\/image\/"}}]}},"_links":{"self":[{"href":"https:\/\/www.caro-traiteur.com\/index.php?rest_route=\/wp\/v2\/product\/6910","targetHints":{"allow":["GET"]}}],"collection":[{"href":"https:\/\/www.caro-traiteur.com\/index.php?rest_route=\/wp\/v2\/product"}],"about":[{"href":"https:\/\/www.caro-traiteur.com\/index.php?rest_route=\/wp\/v2\/types\/product"}],"replies":[{"embeddable":true,"href":"https:\/\/www.caro-traiteur.com\/index.php?rest_route=%2Fwp%2Fv2%2Fcomments&post=6910"}],"wp:featuredmedia":[{"embeddable":true,"href":"https:\/\/www.caro-traiteur.com\/index.php?rest_route=\/wp\/v2\/media\/6911"}],"wp:attachment":[{"href":"https:\/\/www.caro-traiteur.com\/index.php?rest_route=%2Fwp%2Fv2%2Fmedia&parent=6910"}],"wp:term":[{"taxonomy":"product_brand","embeddable":true,"href":"https:\/\/www.caro-traiteur.com\/index.php?rest_route=%2Fwp%2Fv2%2Fproduct_brand&post=6910"},{"taxonomy":"product_cat","embeddable":true,"href":"https:\/\/www.caro-traiteur.com\/index.php?rest_route=%2Fwp%2Fv2%2Fproduct_cat&post=6910"},{"taxonomy":"product_tag","embeddable":true,"href":"https:\/\/www.caro-traiteur.com\/index.php?rest_route=%2Fwp%2Fv2%2Fproduct_tag&post=6910"}],"curies":[{"name":"wp","href":"https:\/\/api.w.org\/{rel}","templated":true}]}}